{"id":13795,"date":"2025-10-01T16:22:21","date_gmt":"2025-10-01T14:22:21","guid":{"rendered":"https:\/\/www.green.film\/?page_id=13795"},"modified":"2026-02-25T10:29:12","modified_gmt":"2026-02-25T09:29:12","slug":"certificacion","status":"publish","type":"page","link":"https:\/\/www.green.film\/es\/certificacion\/","title":{"rendered":"Certificaci\u00f3n online"},"content":{"rendered":"\t\t<div data-elementor-type=\"wp-page\" data-elementor-id=\"13795\" class=\"elementor elementor-13795 elementor-12628\" data-elementor-post-type=\"page\">\n\t\t\t\t<div class=\"elementor-element elementor-element-c45df02 e-flex e-con-boxed e-con e-parent\" data-id=\"c45df02\" data-element_type=\"container\" data-e-type=\"container\" data-settings=\"{&quot;background_background&quot;:&quot;classic&quot;}\">\n\t\t\t\t\t<div class=\"e-con-inner\">\n\t\t\t\t<div class=\"elementor-element elementor-element-572e9b9 elementor-widget elementor-widget-heading\" data-id=\"572e9b9\" data-element_type=\"widget\" data-e-type=\"widget\" data-widget_type=\"heading.default\">\n\t\t\t\t<div class=\"elementor-widget-container\">\n\t\t\t\t\t<h1 class=\"elementor-heading-title elementor-size-default\">Certificaci\u00f3n<\/h1>\t\t\t\t<\/div>\n\t\t\t\t<\/div>\n\t\t\t\t<div class=\"elementor-element elementor-element-a0b4366 elementor-widget elementor-widget-heading\" data-id=\"a0b4366\" data-element_type=\"widget\" data-e-type=\"widget\" data-widget_type=\"heading.default\">\n\t\t\t\t<div class=\"elementor-widget-container\">\n\t\t\t\t\t<h3 class=\"elementor-heading-title elementor-size-default\">Tu \u00e1rea personal<\/h3>\t\t\t\t<\/div>\n\t\t\t\t<\/div>\n\t\t\t\t\t<\/div>\n\t\t\t\t<\/div>\n\t\t<div class=\"elementor-element elementor-element-d613641 e-flex e-con-boxed e-con e-parent\" data-id=\"d613641\" data-element_type=\"container\" data-e-type=\"container\" data-settings=\"{&quot;background_background&quot;:&quot;classic&quot;}\">\n\t\t\t\t\t<div class=\"e-con-inner\">\n\t\t<div class=\"elementor-element elementor-element-ed0bbe3 e-con-full e-flex e-con e-child\" data-id=\"ed0bbe3\" data-element_type=\"container\" data-e-type=\"container\" data-settings=\"{&quot;background_background&quot;:&quot;classic&quot;}\">\n\t\t<div class=\"elementor-element elementor-element-5dab6a1 e-con-full e-flex e-con e-child\" data-id=\"5dab6a1\" data-element_type=\"container\" data-e-type=\"container\" data-settings=\"{&quot;enabled_visibility&quot;:&quot;yes&quot;,&quot;dce_visibility_selected&quot;:&quot;yes&quot;}\">\n\t\t\t\t<div class=\"elementor-element elementor-element-c793158 elementor-widget elementor-widget-heading\" data-id=\"c793158\" data-element_type=\"widget\" data-e-type=\"widget\" data-widget_type=\"heading.default\">\n\t\t\t\t<div class=\"elementor-widget-container\">\n\t\t\t\t\t<h2 class=\"elementor-heading-title elementor-size-default\">How to obtain the Green Film certification<\/h2>\t\t\t\t<\/div>\n\t\t\t\t<\/div>\n\t\t\t\t<div class=\"elementor-element elementor-element-75dfed2 elementor-widget elementor-widget-text-editor\" data-id=\"75dfed2\" data-element_type=\"widget\" data-e-type=\"widget\" data-widget_type=\"text-editor.default\">\n\t\t\t\t<div class=\"elementor-widget-container\">\n\t\t\t\t\t\t\t\t\t<p>If you are a film or TV producer and you wish to obtain the GREEN FILM environmental sustainability Certification label for your project, carry out the following 10 steps:<\/p>\t\t\t\t\t\t\t\t<\/div>\n\t\t\t\t<\/div>\n\t\t\t\t<div class=\"elementor-element elementor-element-03784d9 elementor-alert-warning elementor-widget elementor-widget-alert\" data-id=\"03784d9\" data-element_type=\"widget\" data-e-type=\"widget\" data-widget_type=\"alert.default\">\n\t\t\t\t<div class=\"elementor-widget-container\">\n\t\t\t\t\t\t\t<div class=\"elementor-alert\" role=\"alert\">\n\n\t\t\t\t\t\t<span class=\"elementor-alert-title\">Important<\/span>\n\t\t\t\n\t\t\t\t\t\t<span class=\"elementor-alert-description\">The online certification tool is only available in English.<\/span>\n\t\t\t\n\t\t\t\n\t\t<\/div>\n\t\t\t\t\t\t<\/div>\n\t\t\t\t<\/div>\n\t\t<div class=\"elementor-element elementor-element-3e71e1e e-con-full e-flex e-con e-child\" data-id=\"3e71e1e\" data-element_type=\"container\" data-e-type=\"container\">\n\t\t<div class=\"elementor-element elementor-element-9153062 e-con-full e-flex e-con e-child\" data-id=\"9153062\" data-element_type=\"container\" data-e-type=\"container\">\n\t\t\t\t<div class=\"elementor-element elementor-element-0e26414 elementor-widget-tablet__width-initial elementor-widget elementor-widget-image\" data-id=\"0e26414\" data-element_type=\"widget\" data-e-type=\"widget\" data-widget_type=\"image.default\">\n\t\t\t\t<div class=\"elementor-widget-container\">\n\t\t\t\t\t\t\t\t\t\t\t\t\t\t\t<img fetchpriority=\"high\" decoding=\"async\" width=\"1024\" height=\"1024\" src=\"https:\/\/www.green.film\/wp-content\/uploads\/2025\/09\/Before.jpg\" class=\"attachment-large size-large wp-image-13738\" alt=\"\" srcset=\"https:\/\/www.green.film\/wp-content\/uploads\/2025\/09\/Before.jpg 1024w, https:\/\/www.green.film\/wp-content\/uploads\/2025\/09\/Before-300x300.jpg 300w, https:\/\/www.green.film\/wp-content\/uploads\/2025\/09\/Before-150x150.jpg 150w, https:\/\/www.green.film\/wp-content\/uploads\/2025\/09\/Before-768x768.jpg 768w, https:\/\/www.green.film\/wp-content\/uploads\/2025\/09\/Before-320x320.jpg 320w\" sizes=\"(max-width: 1024px) 100vw, 1024px\" \/>\t\t\t\t\t\t\t\t\t\t\t\t\t\t\t<\/div>\n\t\t\t\t<\/div>\n\t\t\t\t<div class=\"elementor-element elementor-element-10e8d11 elementor-widget-tablet__width-initial elementor-widget elementor-widget-text-editor\" data-id=\"10e8d11\" data-element_type=\"widget\" data-e-type=\"widget\" data-widget_type=\"text-editor.default\">\n\t\t\t\t<div class=\"elementor-widget-container\">\n\t\t\t\t\t\t\t\t\t<p>1. Carefully read the <strong>Green Film Rating System<\/strong> on <a href=\"https:\/\/www.green.film\/it\/\"><span style=\"text-decoration: underline;\">www.green.film<\/span><\/a><\/p><p>2. Appoint a <span style=\"color: #5fab55;\"><strong>Sustainability Manager*<\/strong><\/span> for your project<\/p><p>3. Appoint a <a href=\"https:\/\/www.green.film\/it\/verifica\/\"><strong>Verifying Body<\/strong><\/a><\/p><p>4. <strong>Plan the sustainability<\/strong> of your project by choosing which criteria to apply<\/p><p>5. <b>Fill in and submit<\/b> the online Application Form (link below)**<\/p>\t\t\t\t\t\t\t\t<\/div>\n\t\t\t\t<\/div>\n\t\t\t\t<\/div>\n\t\t<div class=\"elementor-element elementor-element-2704a27 e-con-full e-flex e-con e-child\" data-id=\"2704a27\" data-element_type=\"container\" data-e-type=\"container\">\n\t\t\t\t<div class=\"elementor-element elementor-element-742ffc8 elementor-widget-tablet__width-initial elementor-widget elementor-widget-image\" data-id=\"742ffc8\" data-element_type=\"widget\" data-e-type=\"widget\" data-widget_type=\"image.default\">\n\t\t\t\t<div class=\"elementor-widget-container\">\n\t\t\t\t\t\t\t\t\t\t\t\t\t\t\t<img decoding=\"async\" width=\"1024\" height=\"1024\" src=\"https:\/\/www.green.film\/wp-content\/uploads\/2025\/09\/during.jpg\" class=\"attachment-large size-large wp-image-13741\" alt=\"\" srcset=\"https:\/\/www.green.film\/wp-content\/uploads\/2025\/09\/during.jpg 1024w, https:\/\/www.green.film\/wp-content\/uploads\/2025\/09\/during-300x300.jpg 300w, https:\/\/www.green.film\/wp-content\/uploads\/2025\/09\/during-150x150.jpg 150w, https:\/\/www.green.film\/wp-content\/uploads\/2025\/09\/during-768x768.jpg 768w, https:\/\/www.green.film\/wp-content\/uploads\/2025\/09\/during-320x320.jpg 320w\" sizes=\"(max-width: 1024px) 100vw, 1024px\" \/>\t\t\t\t\t\t\t\t\t\t\t\t\t\t\t<\/div>\n\t\t\t\t<\/div>\n\t\t\t\t<div class=\"elementor-element elementor-element-1de7fe9 elementor-widget-tablet__width-initial elementor-widget elementor-widget-text-editor\" data-id=\"1de7fe9\" data-element_type=\"widget\" data-e-type=\"widget\" data-widget_type=\"text-editor.default\">\n\t\t\t\t<div class=\"elementor-widget-container\">\n\t\t\t\t\t\t\t\t\t<p>6. An auditor from the Verifying Body will <strong>visit the sets<\/strong> to check compliance with the <span style=\"color: #5fab55;\"><strong>Sustainability Plan<\/strong><\/span><\/p><p>7. The <span style=\"color: #5fab55;\"><strong>Sustainability Manager<\/strong><\/span> writes the <strong>final report<\/strong><\/p>\t\t\t\t\t\t\t\t<\/div>\n\t\t\t\t<\/div>\n\t\t\t\t<\/div>\n\t\t<div class=\"elementor-element elementor-element-29cb2a8 e-con-full e-flex e-con e-child\" data-id=\"29cb2a8\" data-element_type=\"container\" data-e-type=\"container\">\n\t\t\t\t<div class=\"elementor-element elementor-element-6195bea elementor-widget-tablet__width-initial elementor-widget elementor-widget-image\" data-id=\"6195bea\" data-element_type=\"widget\" data-e-type=\"widget\" data-widget_type=\"image.default\">\n\t\t\t\t<div class=\"elementor-widget-container\">\n\t\t\t\t\t\t\t\t\t\t\t\t\t\t\t<img decoding=\"async\" width=\"1024\" height=\"1024\" src=\"https:\/\/www.green.film\/wp-content\/uploads\/2025\/09\/After.jpg\" class=\"attachment-large size-large wp-image-13735\" alt=\"\" srcset=\"https:\/\/www.green.film\/wp-content\/uploads\/2025\/09\/After.jpg 1024w, https:\/\/www.green.film\/wp-content\/uploads\/2025\/09\/After-300x300.jpg 300w, https:\/\/www.green.film\/wp-content\/uploads\/2025\/09\/After-150x150.jpg 150w, https:\/\/www.green.film\/wp-content\/uploads\/2025\/09\/After-768x768.jpg 768w, https:\/\/www.green.film\/wp-content\/uploads\/2025\/09\/After-320x320.jpg 320w\" sizes=\"(max-width: 1024px) 100vw, 1024px\" \/>\t\t\t\t\t\t\t\t\t\t\t\t\t\t\t<\/div>\n\t\t\t\t<\/div>\n\t\t\t\t<div class=\"elementor-element elementor-element-8441a52 elementor-widget-tablet__width-initial elementor-widget elementor-widget-text-editor\" data-id=\"8441a52\" data-element_type=\"widget\" data-e-type=\"widget\" data-widget_type=\"text-editor.default\">\n\t\t\t\t<div class=\"elementor-widget-container\">\n\t\t\t\t\t\t\t\t\t<p>8. The <strong>Verifying Body<\/strong> checks the documents and issues the audit report<\/p><p>9. If the audit is <span style=\"color: #5fab55;\"><strong>positive<\/strong><\/span>, you will receive the certificate<\/p><p>10. Now you can proudly display the <span style=\"color: #5fab55;\"><strong>Green Film<\/strong><\/span> logo in the credits<\/p>\t\t\t\t\t\t\t\t<\/div>\n\t\t\t\t<\/div>\n\t\t\t\t<\/div>\n\t\t\t\t<\/div>\n\t\t<div class=\"elementor-element elementor-element-f7a1202 e-con-full e-flex e-con e-child\" data-id=\"f7a1202\" data-element_type=\"container\" data-e-type=\"container\">\n\t\t\t\t<div class=\"elementor-element elementor-element-f86fe8d elementor-mobile-align-justify elementor-widget__width-initial elementor-align-right elementor-widget elementor-widget-button\" data-id=\"f86fe8d\" data-element_type=\"widget\" data-e-type=\"widget\" data-widget_type=\"button.default\">\n\t\t\t\t<div class=\"elementor-widget-container\">\n\t\t\t\t\t\t\t\t\t<div class=\"elementor-button-wrapper\">\n\t\t\t\t\t<a class=\"elementor-button elementor-button-link elementor-size-sm\" href=\"#elementor-action%3Aaction%3Dpopup%3Aopen%26settings%3DeyJpZCI6MTQ2NTAsInRvZ2dsZSI6ZmFsc2V9\">\n\t\t\t\t\t\t<span class=\"elementor-button-content-wrapper\">\n\t\t\t\t\t\t<span class=\"elementor-button-icon\">\n\t\t\t\t<i aria-hidden=\"true\" class=\"fas fa-video\"><\/i>\t\t\t<\/span>\n\t\t\t\t\t\t\t\t\t<span class=\"elementor-button-text\">Watch tutorial<\/span>\n\t\t\t\t\t<\/span>\n\t\t\t\t\t<\/a>\n\t\t\t\t<\/div>\n\t\t\t\t\t\t\t\t<\/div>\n\t\t\t\t<\/div>\n\t\t\t\t<\/div>\n\t\t\t\t<div class=\"elementor-element elementor-element-18be883 elementor-widget-divider--view-line elementor-widget elementor-widget-divider\" data-id=\"18be883\" data-element_type=\"widget\" data-e-type=\"widget\" data-widget_type=\"divider.default\">\n\t\t\t\t<div class=\"elementor-widget-container\">\n\t\t\t\t\t\t\t<div class=\"elementor-divider\">\n\t\t\t<span class=\"elementor-divider-separator\">\n\t\t\t\t\t\t<\/span>\n\t\t<\/div>\n\t\t\t\t\t\t<\/div>\n\t\t\t\t<\/div>\n\t\t\t\t<div class=\"elementor-element elementor-element-ef39f9b elementor-widget elementor-widget-text-editor\" data-id=\"ef39f9b\" data-element_type=\"widget\" data-e-type=\"widget\" data-widget_type=\"text-editor.default\">\n\t\t\t\t<div class=\"elementor-widget-container\">\n\t\t\t\t\t\t\t\t\t<p><span style=\"color: #5fab55;\"><strong>*SUSTAINABILITY MANAGER<\/strong><\/span>: A consultant, even if working outside production, with at least two years of experience in the field of environmental consulting.<\/p><p><strong>**PLEASE NOTE:<\/strong> The certification request must be submitted\u00a0<strong>at least 15 days prior<\/strong> to the start of the shoot.<\/p>\t\t\t\t\t\t\t\t<\/div>\n\t\t\t\t<\/div>\n\t\t\t\t<div class=\"elementor-element elementor-element-28d3a5d elementor-widget elementor-widget-text-editor\" data-id=\"28d3a5d\" data-element_type=\"widget\" data-e-type=\"widget\" data-widget_type=\"text-editor.default\">\n\t\t\t\t<div class=\"elementor-widget-container\">\n\t\t\t\t\t\t\t\t\t<p>To be eligible for certification you must score <span style=\"color: #5fab55;\"><strong>at least 25 points.<\/strong><\/span><\/p>\t\t\t\t\t\t\t\t<\/div>\n\t\t\t\t<\/div>\n\t\t\t\t<div class=\"elementor-element elementor-element-a7936cf elementor-align-center elementor-widget elementor-widget-button\" data-id=\"a7936cf\" data-element_type=\"widget\" data-e-type=\"widget\" data-widget_type=\"button.default\">\n\t\t\t\t<div class=\"elementor-widget-container\">\n\t\t\t\t\t\t\t\t\t<div class=\"elementor-button-wrapper\">\n\t\t\t\t\t<a class=\"elementor-button elementor-button-link elementor-size-sm\" href=\"https:\/\/www.green.film\/online-certification\/\">\n\t\t\t\t\t\t<span class=\"elementor-button-content-wrapper\">\n\t\t\t\t\t\t\t\t\t<span class=\"elementor-button-text\">Online application tool (english version)<\/span>\n\t\t\t\t\t<\/span>\n\t\t\t\t\t<\/a>\n\t\t\t\t<\/div>\n\t\t\t\t\t\t\t\t<\/div>\n\t\t\t\t<\/div>\n\t\t\t\t<\/div>\n\t\t\t\t<\/div>\n\t\t\t\t\t<\/div>\n\t\t\t\t<\/div>\n\t\t<div class=\"elementor-element elementor-element-9c9af1d e-flex e-con-boxed e-con e-parent\" data-id=\"9c9af1d\" data-element_type=\"container\" data-e-type=\"container\">\n\t\t\t\t\t<div class=\"e-con-inner\">\n\t\t\t\t<div class=\"elementor-element elementor-element-c9d37ce elementor-widget elementor-widget-text-editor\" data-id=\"c9d37ce\" data-element_type=\"widget\" data-e-type=\"widget\" data-widget_type=\"text-editor.default\">\n\t\t\t\t<div class=\"elementor-widget-container\">\n\t\t\t\t\t\t\t\t\t<p>GREEN FILM is a project developed by the Trentino Film Commission, an area of Trentino Sviluppo S.p.A, an in-house company of the Autonomous Province of Trento. Trentino Sviluppo S.p.A is the owner of the GREEN FILM certification mark and acts as the certifying body.<\/p>\t\t\t\t\t\t\t\t<\/div>\n\t\t\t\t<\/div>\n\t\t\t\t\t<\/div>\n\t\t\t\t<\/div>\n\t\t\t\t<\/div>\n\t\t","protected":false},"excerpt":{"rendered":"<p>Certificaci\u00f3n Tu \u00e1rea personal How to obtain the Green Film certification If you are a film or TV producer and you wish to obtain the GREEN FILM environmental sustainability Certification label for your project, carry out the following 10 steps: Important The online certification tool is only available in English. 1. Carefully read the Green [&hellip;]<\/p>\n","protected":false},"author":2,"featured_media":0,"parent":0,"menu_order":0,"comment_status":"closed","ping_status":"closed","template":"","meta":{"footnotes":""},"class_list":["post-13795","page","type-page","status-publish","hentry"],"yoast_head":"<!-- This site is optimized with the Yoast SEO plugin v27.3 - https:\/\/yoast.com\/product\/yoast-seo-wordpress\/ -->\n<title>Certificaci\u00f3n online - GREEN FILM<\/title>\n<meta name=\"robots\" content=\"index, follow, max-snippet:-1, max-image-preview:large, max-video-preview:-1\" \/>\n<link rel=\"canonical\" href=\"https:\/\/www.green.film\/es\/certificacion\/\" \/>\n<meta property=\"og:locale\" content=\"es_ES\" \/>\n<meta property=\"og:type\" content=\"article\" \/>\n<meta property=\"og:title\" content=\"Certificaci\u00f3n online - GREEN FILM\" \/>\n<meta property=\"og:description\" content=\"Certificaci\u00f3n Tu \u00e1rea personal How to obtain the Green Film certification If you are a film or TV producer and you wish to obtain the GREEN FILM environmental sustainability Certification label for your project, carry out the following 10 steps: Important The online certification tool is only available in English. 1. Carefully read the Green [&hellip;]\" \/>\n<meta property=\"og:url\" content=\"https:\/\/www.green.film\/es\/certificacion\/\" \/>\n<meta property=\"og:site_name\" content=\"GREEN FILM\" \/>\n<meta property=\"article:modified_time\" content=\"2026-02-25T09:29:12+00:00\" \/>\n<meta property=\"og:image\" content=\"https:\/\/www.green.film\/wp-content\/uploads\/2025\/09\/Before.jpg\" \/>\n\t<meta property=\"og:image:width\" content=\"1024\" \/>\n\t<meta property=\"og:image:height\" content=\"1024\" \/>\n\t<meta property=\"og:image:type\" content=\"image\/jpeg\" \/>\n<meta name=\"twitter:card\" content=\"summary_large_image\" \/>\n<meta name=\"twitter:label1\" content=\"Tiempo de lectura\" \/>\n\t<meta name=\"twitter:data1\" content=\"1 minute\" \/>\n<script type=\"application\/ld+json\" class=\"yoast-schema-graph\">{\"@context\":\"https:\\\/\\\/schema.org\",\"@graph\":[{\"@type\":\"WebPage\",\"@id\":\"https:\\\/\\\/www.green.film\\\/es\\\/certificacion\\\/\",\"url\":\"https:\\\/\\\/www.green.film\\\/es\\\/certificacion\\\/\",\"name\":\"Certificaci\u00f3n online - GREEN FILM\",\"isPartOf\":{\"@id\":\"https:\\\/\\\/www.green.film\\\/#website\"},\"primaryImageOfPage\":{\"@id\":\"https:\\\/\\\/www.green.film\\\/es\\\/certificacion\\\/#primaryimage\"},\"image\":{\"@id\":\"https:\\\/\\\/www.green.film\\\/es\\\/certificacion\\\/#primaryimage\"},\"thumbnailUrl\":\"https:\\\/\\\/www.green.film\\\/wp-content\\\/uploads\\\/2025\\\/09\\\/Before.jpg\",\"datePublished\":\"2025-10-01T14:22:21+00:00\",\"dateModified\":\"2026-02-25T09:29:12+00:00\",\"breadcrumb\":{\"@id\":\"https:\\\/\\\/www.green.film\\\/es\\\/certificacion\\\/#breadcrumb\"},\"inLanguage\":\"es-ES\",\"potentialAction\":[{\"@type\":\"ReadAction\",\"target\":[\"https:\\\/\\\/www.green.film\\\/es\\\/certificacion\\\/\"]}]},{\"@type\":\"ImageObject\",\"inLanguage\":\"es-ES\",\"@id\":\"https:\\\/\\\/www.green.film\\\/es\\\/certificacion\\\/#primaryimage\",\"url\":\"https:\\\/\\\/www.green.film\\\/wp-content\\\/uploads\\\/2025\\\/09\\\/Before.jpg\",\"contentUrl\":\"https:\\\/\\\/www.green.film\\\/wp-content\\\/uploads\\\/2025\\\/09\\\/Before.jpg\"},{\"@type\":\"BreadcrumbList\",\"@id\":\"https:\\\/\\\/www.green.film\\\/es\\\/certificacion\\\/#breadcrumb\",\"itemListElement\":[{\"@type\":\"ListItem\",\"position\":1,\"name\":\"Home\",\"item\":\"https:\\\/\\\/www.green.film\\\/es\\\/\"},{\"@type\":\"ListItem\",\"position\":2,\"name\":\"Certificaci\u00f3n online\"}]},{\"@type\":\"WebSite\",\"@id\":\"https:\\\/\\\/www.green.film\\\/#website\",\"url\":\"https:\\\/\\\/www.green.film\\\/\",\"name\":\"GREEN FILM\",\"description\":\"Rating system for sustainable film production\",\"publisher\":{\"@id\":\"https:\\\/\\\/www.green.film\\\/#organization\"},\"potentialAction\":[{\"@type\":\"SearchAction\",\"target\":{\"@type\":\"EntryPoint\",\"urlTemplate\":\"https:\\\/\\\/www.green.film\\\/?s={search_term_string}\"},\"query-input\":{\"@type\":\"PropertyValueSpecification\",\"valueRequired\":true,\"valueName\":\"search_term_string\"}}],\"inLanguage\":\"es-ES\"},{\"@type\":\"Organization\",\"@id\":\"https:\\\/\\\/www.green.film\\\/#organization\",\"name\":\"Green Film\",\"url\":\"https:\\\/\\\/www.green.film\\\/\",\"logo\":{\"@type\":\"ImageObject\",\"inLanguage\":\"es-ES\",\"@id\":\"https:\\\/\\\/www.green.film\\\/#\\\/schema\\\/logo\\\/image\\\/\",\"url\":\"https:\\\/\\\/www.green.film\\\/wp-content\\\/uploads\\\/2025\\\/12\\\/slider-logo-green.png\",\"contentUrl\":\"https:\\\/\\\/www.green.film\\\/wp-content\\\/uploads\\\/2025\\\/12\\\/slider-logo-green.png\",\"width\":400,\"height\":129,\"caption\":\"Green Film\"},\"image\":{\"@id\":\"https:\\\/\\\/www.green.film\\\/#\\\/schema\\\/logo\\\/image\\\/\"}}]}<\/script>\n<!-- \/ Yoast SEO plugin. -->","yoast_head_json":{"title":"Certificaci\u00f3n online - GREEN FILM","robots":{"index":"index","follow":"follow","max-snippet":"max-snippet:-1","max-image-preview":"max-image-preview:large","max-video-preview":"max-video-preview:-1"},"canonical":"https:\/\/www.green.film\/es\/certificacion\/","og_locale":"es_ES","og_type":"article","og_title":"Certificaci\u00f3n online - GREEN FILM","og_description":"Certificaci\u00f3n Tu \u00e1rea personal How to obtain the Green Film certification If you are a film or TV producer and you wish to obtain the GREEN FILM environmental sustainability Certification label for your project, carry out the following 10 steps: Important The online certification tool is only available in English. 1. Carefully read the Green [&hellip;]","og_url":"https:\/\/www.green.film\/es\/certificacion\/","og_site_name":"GREEN FILM","article_modified_time":"2026-02-25T09:29:12+00:00","og_image":[{"width":1024,"height":1024,"url":"https:\/\/www.green.film\/wp-content\/uploads\/2025\/09\/Before.jpg","type":"image\/jpeg"}],"twitter_card":"summary_large_image","twitter_misc":{"Tiempo de lectura":"1 minute"},"schema":{"@context":"https:\/\/schema.org","@graph":[{"@type":"WebPage","@id":"https:\/\/www.green.film\/es\/certificacion\/","url":"https:\/\/www.green.film\/es\/certificacion\/","name":"Certificaci\u00f3n online - GREEN FILM","isPartOf":{"@id":"https:\/\/www.green.film\/#website"},"primaryImageOfPage":{"@id":"https:\/\/www.green.film\/es\/certificacion\/#primaryimage"},"image":{"@id":"https:\/\/www.green.film\/es\/certificacion\/#primaryimage"},"thumbnailUrl":"https:\/\/www.green.film\/wp-content\/uploads\/2025\/09\/Before.jpg","datePublished":"2025-10-01T14:22:21+00:00","dateModified":"2026-02-25T09:29:12+00:00","breadcrumb":{"@id":"https:\/\/www.green.film\/es\/certificacion\/#breadcrumb"},"inLanguage":"es-ES","potentialAction":[{"@type":"ReadAction","target":["https:\/\/www.green.film\/es\/certificacion\/"]}]},{"@type":"ImageObject","inLanguage":"es-ES","@id":"https:\/\/www.green.film\/es\/certificacion\/#primaryimage","url":"https:\/\/www.green.film\/wp-content\/uploads\/2025\/09\/Before.jpg","contentUrl":"https:\/\/www.green.film\/wp-content\/uploads\/2025\/09\/Before.jpg"},{"@type":"BreadcrumbList","@id":"https:\/\/www.green.film\/es\/certificacion\/#breadcrumb","itemListElement":[{"@type":"ListItem","position":1,"name":"Home","item":"https:\/\/www.green.film\/es\/"},{"@type":"ListItem","position":2,"name":"Certificaci\u00f3n online"}]},{"@type":"WebSite","@id":"https:\/\/www.green.film\/#website","url":"https:\/\/www.green.film\/","name":"GREEN FILM","description":"Rating system for sustainable film production","publisher":{"@id":"https:\/\/www.green.film\/#organization"},"potentialAction":[{"@type":"SearchAction","target":{"@type":"EntryPoint","urlTemplate":"https:\/\/www.green.film\/?s={search_term_string}"},"query-input":{"@type":"PropertyValueSpecification","valueRequired":true,"valueName":"search_term_string"}}],"inLanguage":"es-ES"},{"@type":"Organization","@id":"https:\/\/www.green.film\/#organization","name":"Green Film","url":"https:\/\/www.green.film\/","logo":{"@type":"ImageObject","inLanguage":"es-ES","@id":"https:\/\/www.green.film\/#\/schema\/logo\/image\/","url":"https:\/\/www.green.film\/wp-content\/uploads\/2025\/12\/slider-logo-green.png","contentUrl":"https:\/\/www.green.film\/wp-content\/uploads\/2025\/12\/slider-logo-green.png","width":400,"height":129,"caption":"Green Film"},"image":{"@id":"https:\/\/www.green.film\/#\/schema\/logo\/image\/"}}]}},"meta_box":{"_films_items":[],"_homepage_featured":[]},"_links":{"self":[{"href":"https:\/\/www.green.film\/es\/wp-json\/wp\/v2\/pages\/13795","targetHints":{"allow":["GET"]}}],"collection":[{"href":"https:\/\/www.green.film\/es\/wp-json\/wp\/v2\/pages"}],"about":[{"href":"https:\/\/www.green.film\/es\/wp-json\/wp\/v2\/types\/page"}],"author":[{"embeddable":true,"href":"https:\/\/www.green.film\/es\/wp-json\/wp\/v2\/users\/2"}],"replies":[{"embeddable":true,"href":"https:\/\/www.green.film\/es\/wp-json\/wp\/v2\/comments?post=13795"}],"version-history":[{"count":26,"href":"https:\/\/www.green.film\/es\/wp-json\/wp\/v2\/pages\/13795\/revisions"}],"predecessor-version":[{"id":15456,"href":"https:\/\/www.green.film\/es\/wp-json\/wp\/v2\/pages\/13795\/revisions\/15456"}],"wp:attachment":[{"href":"https:\/\/www.green.film\/es\/wp-json\/wp\/v2\/media?parent=13795"}],"curies":[{"name":"wp","href":"https:\/\/api.w.org\/{rel}","templated":true}]}}