{"id":2213,"date":"2022-07-27T13:32:43","date_gmt":"2022-07-27T13:32:43","guid":{"rendered":"https:\/\/www.green.film\/?page_id=2213"},"modified":"2022-10-12T14:29:43","modified_gmt":"2022-10-12T14:29:43","slug":"criterios","status":"publish","type":"page","link":"https:\/\/www.green.film\/es\/criterios\/","title":{"rendered":"Criterios"},"content":{"rendered":"\t\t<div data-elementor-type=\"wp-page\" data-elementor-id=\"2213\" class=\"elementor elementor-2213 elementor-1408\" data-elementor-post-type=\"page\">\n\t\t\t\t\t\t<section class=\"elementor-section elementor-top-section elementor-element elementor-element-7d6d49d8 elementor-section-full_width elementor-section-height-min-height elementor-section-height-default elementor-section-items-middle\" data-id=\"7d6d49d8\" data-element_type=\"section\" data-e-type=\"section\" data-settings=\"{&quot;background_background&quot;:&quot;classic&quot;}\">\n\t\t\t\t\t\t<div class=\"elementor-container elementor-column-gap-default\">\n\t\t\t\t\t<div class=\"elementor-column elementor-col-100 elementor-top-column elementor-element elementor-element-3de93569\" data-id=\"3de93569\" data-element_type=\"column\" data-e-type=\"column\">\n\t\t\t<div class=\"elementor-widget-wrap elementor-element-populated\">\n\t\t\t\t\t\t<div class=\"elementor-element elementor-element-21b5597 elementor-widget elementor-widget-heading\" data-id=\"21b5597\" data-element_type=\"widget\" data-e-type=\"widget\" data-widget_type=\"heading.default\">\n\t\t\t\t<div class=\"elementor-widget-container\">\n\t\t\t\t\t<h1 class=\"elementor-heading-title elementor-size-default\">Criterios<\/h1>\t\t\t\t<\/div>\n\t\t\t\t<\/div>\n\t\t\t\t\t<\/div>\n\t\t<\/div>\n\t\t\t\t\t<\/div>\n\t\t<\/section>\n\t\t\t\t<section class=\"elementor-section elementor-top-section elementor-element elementor-element-cbe5c60 elementor-section-boxed elementor-section-height-default elementor-section-height-default\" data-id=\"cbe5c60\" data-element_type=\"section\" data-e-type=\"section\" data-settings=\"{&quot;background_background&quot;:&quot;classic&quot;}\">\n\t\t\t\t\t\t<div class=\"elementor-container elementor-column-gap-default\">\n\t\t\t\t\t<div class=\"elementor-column elementor-col-100 elementor-top-column elementor-element elementor-element-2fed701a\" data-id=\"2fed701a\" data-element_type=\"column\" data-e-type=\"column\" data-settings=\"{&quot;background_background&quot;:&quot;classic&quot;}\">\n\t\t\t<div class=\"elementor-widget-wrap elementor-element-populated\">\n\t\t\t\t\t\t<div class=\"elementor-element elementor-element-1c4fb6c2 elementor-widget elementor-widget-heading\" data-id=\"1c4fb6c2\" data-element_type=\"widget\" data-e-type=\"widget\" data-widget_type=\"heading.default\">\n\t\t\t\t<div class=\"elementor-widget-container\">\n\t\t\t\t\t<h2 class=\"elementor-heading-title elementor-size-default\">Criterios de evaluaci\u00f3n<\/h2>\t\t\t\t<\/div>\n\t\t\t\t<\/div>\n\t\t\t\t<div class=\"elementor-element elementor-element-3241c35 elementor-widget elementor-widget-greenfilm_criteria_overview\" data-id=\"3241c35\" data-element_type=\"widget\" data-e-type=\"widget\" data-widget_type=\"greenfilm_criteria_overview.default\">\n\t\t\t\t<div class=\"elementor-widget-container\">\n\t\t\t\t\t\n<div class=\"criteria-overview-widget\">\n            <div class=\"prerequisites\">\n                            <div class=\"criterion\">\n    <i class=\"icon-md-clipboard\" style=\"color: #6fb11e\"><\/i>\n\n    <div class=\"criterion-details\">\n                    <h3>REQUISITO OBLIGATORIO<br \/>Planificar la sostenibilidad<\/h3>\n        \n        <div class=\"abstract\">\n            Planificar de antemano la aplicaci\u00f3n pr\u00e1ctica y simplificada de los criterios de sostenibilidad que deben adoptarse para reducir al m\u00ednimo el impacto medioambiental de una producci\u00f3n audiovisual, pero sin ralentizar el trabajo de el equipo.        <\/div>\n        <a href=\"https:\/\/www.green.film\/es\/criteria\/detail\/11066\/planning-sustainability\">Requisito descripci\u00f3n<\/a>\n    <\/div>\n<\/div>                    <\/div>\n    \n            <div class=\"criterias\">\n                            <div class=\"criterion\">\n    <i class=\"icon-et-lightbulb\" style=\"color: #9cc7bd\"><\/i>\n\n    <div class=\"criterion-details\">\n                    <h3>SECCI\u00d3N A<br \/>Ahorro Energ\u00e9tico<\/h3>\n        \n        <div class=\"abstract\">\n            Garantizar una reducci\u00f3n eficiente del impacto ambiental, limitando al m\u00e1ximo posible las emisiones contaminantes y el desperdicio de recursos energ\u00e9ticos, racionalizar el uso de los recursos favoreciendo el ahorro econ\u00f3mico.        <\/div>\n        <a href=\"https:\/\/www.green.film\/es\/criteria\/detail\/11074\/energy-saving\">Detalles de la secci\u00f3n<\/a>\n    <\/div>\n<\/div>                            <div class=\"criterion\">\n    <i class=\"icon-md-car\" style=\"color: #fabea9\"><\/i>\n\n    <div class=\"criterion-details\">\n                    <h3>SECCI\u00d3N B<br \/>Transporte y alojamiento<\/h3>\n        \n        <div class=\"abstract\">\n            Reducir las emisiones contaminantes y el coste de consumo de combustible derivados de los transporte motorizado, mediante una organizaci\u00f3n racional de los movimientos.        <\/div>\n        <a href=\"https:\/\/www.green.film\/es\/criteria\/detail\/11082\/transport-and-accommodation\">Detalles de la secci\u00f3n<\/a>\n    <\/div>\n<\/div>                            <div class=\"criterion\">\n    <i class=\"icon-md-restaurant\" style=\"color: #5aa88b\"><\/i>\n\n    <div class=\"criterion-details\">\n                    <h3>SECCI\u00d3N C<br \/>Restauraci\u00f3n<\/h3>\n        \n        <div class=\"abstract\">\n            Garantizar una nutrici\u00f3n sana y de calidad, que respete el medio ambiente reduciendo la producci\u00f3n de desperdicio y CO2 en las operaciones de catering.        <\/div>\n        <a href=\"https:\/\/www.green.film\/es\/criteria\/detail\/11092\/catering\">Detalles de la secci\u00f3n<\/a>\n    <\/div>\n<\/div>                            <div class=\"criterion\">\n    <i class=\"icon-basic_target\" style=\"color: #54baac\"><\/i>\n\n    <div class=\"criterion-details\">\n                    <h3>SECCI\u00d3N D<br \/>Selecci\u00f3n de materiales<\/h3>\n        \n        <div class=\"abstract\">\n            Animar al uso de materiales respetuosos con el medio ambiente y evitar el desperdicio de materiales mediante soluciones eficientes de reutilizaci\u00f3n.        <\/div>\n        <a href=\"https:\/\/www.green.film\/es\/criteria\/detail\/11101\/material-selection\">Detalles de la secci\u00f3n<\/a>\n    <\/div>\n<\/div>                            <div class=\"criterion\">\n    <i class=\"icon-ion-logo-buffer\" style=\"color: #2b8569\"><\/i>\n\n    <div class=\"criterion-details\">\n                    <h3>SECCI\u00d3N E<br \/>Otras iniciativas<\/h3>\n        \n        <div class=\"abstract\">\n            El criterio agrupa otras iniciativas que no coinciden con los criterios enumerados anteriormente y que tienen por objetivo reducir el impacto ambiental o promover las buenas pr\u00e1cticas adoptadas por la producci\u00f3n.        <\/div>\n        <a href=\"https:\/\/www.green.film\/es\/criteria\/detail\/11117\/other-initiatives\">Detalles de la secci\u00f3n<\/a>\n    <\/div>\n<\/div>                            <div class=\"criterion\">\n    <i class=\"icon-ion-ios-happy\" style=\"color: #bb5463\"><\/i>\n\n    <div class=\"criterion-details\">\n                    <h3>SECCI\u00d3N F<br \/>Sostenibilidad social<\/h3>\n        \n        <div class=\"abstract\">\n            La finalidad de este criterio es animar a los productores a adoptar pr\u00e1cticas laborales destinadas a mejorar la sostenibilidad de la producci\u00f3n desde un punto de vista social.        <\/div>\n        <a href=\"https:\/\/www.green.film\/es\/criteria\/detail\/11024\/social-sustainability\">Detalles de la secci\u00f3n<\/a>\n    <\/div>\n<\/div>                            <div class=\"criterion\">\n    <i class=\"icon-basic_keyboard\" style=\"color: #e7adb9\"><\/i>\n\n    <div class=\"criterion-details\">\n                    <h3>SECCI\u00d3N G<br \/>Comunicaci\u00f3n<\/h3>\n        \n        <div class=\"abstract\">\n            Comunicaci\u00f3n de buenas pr\u00e1cticas vinculadas a la sostenibilidad, desarrollo de la sensibilizaci\u00f3n p\u00fablica en materia de sostenibilidad.        <\/div>\n        <a href=\"https:\/\/www.green.film\/es\/criteria\/detail\/11126\/communication\">Detalles de la secci\u00f3n<\/a>\n    <\/div>\n<\/div>                    <\/div>\n    <\/div>\t\t\t\t<\/div>\n\t\t\t\t<\/div>\n\t\t\t\t\t<\/div>\n\t\t<\/div>\n\t\t\t\t\t<\/div>\n\t\t<\/section>\n\t\t\t\t<section class=\"elementor-section elementor-top-section elementor-element elementor-element-2d5f262a elementor-section-full_width elementor-section-height-default elementor-section-height-default\" data-id=\"2d5f262a\" data-element_type=\"section\" data-e-type=\"section\">\n\t\t\t\t\t\t<div class=\"elementor-container elementor-column-gap-no\">\n\t\t\t\t\t<div class=\"elementor-column elementor-col-100 elementor-top-column elementor-element elementor-element-4ad8908\" data-id=\"4ad8908\" data-element_type=\"column\" data-e-type=\"column\">\n\t\t\t<div class=\"elementor-widget-wrap elementor-element-populated\">\n\t\t\t\t\t\t<div class=\"elementor-element elementor-element-784f4190 elementor-widget elementor-widget-template\" data-id=\"784f4190\" data-element_type=\"widget\" data-e-type=\"widget\" data-widget_type=\"template.default\">\n\t\t\t\t<div class=\"elementor-widget-container\">\n\t\t\t\t\t\t\t<div class=\"elementor-template\">\n\t\t\t\t\t<div data-elementor-type=\"section\" data-elementor-id=\"2180\" class=\"elementor elementor-2180 elementor-1157\" data-elementor-post-type=\"elementor_library\">\n\t\t\t\t\t<section class=\"elementor-section elementor-top-section elementor-element elementor-element-1c7d330 elementor-section-boxed elementor-section-height-default elementor-section-height-default\" data-id=\"1c7d330\" data-element_type=\"section\" data-e-type=\"section\" data-settings=\"{&quot;background_background&quot;:&quot;classic&quot;}\">\n\t\t\t\t\t\t<div class=\"elementor-container elementor-column-gap-default\">\n\t\t\t\t\t<div class=\"elementor-column elementor-col-50 elementor-top-column elementor-element elementor-element-5667fdb\" data-id=\"5667fdb\" data-element_type=\"column\" data-e-type=\"column\">\n\t\t\t<div class=\"elementor-widget-wrap elementor-element-populated\">\n\t\t\t\t\t\t<div class=\"elementor-element elementor-element-132515c elementor-widget elementor-widget-heading\" data-id=\"132515c\" data-element_type=\"widget\" data-e-type=\"widget\" data-widget_type=\"heading.default\">\n\t\t\t\t<div class=\"elementor-widget-container\">\n\t\t\t\t\t<h2 class=\"elementor-heading-title elementor-size-xl\">Descargue ahora el Sistema de Certificaci\u00f3n<\/h2>\t\t\t\t<\/div>\n\t\t\t\t<\/div>\n\t\t\t\t\t<\/div>\n\t\t<\/div>\n\t\t\t\t<div class=\"elementor-column elementor-col-50 elementor-top-column elementor-element elementor-element-0869448\" data-id=\"0869448\" data-element_type=\"column\" data-e-type=\"column\">\n\t\t\t<div class=\"elementor-widget-wrap elementor-element-populated\">\n\t\t\t\t\t\t<div class=\"elementor-element elementor-element-bfdb394 elementor-align-right elementor-mobile-align-center elementor-widget elementor-widget-button\" data-id=\"bfdb394\" data-element_type=\"widget\" data-e-type=\"widget\" data-widget_type=\"button.default\">\n\t\t\t\t<div class=\"elementor-widget-container\">\n\t\t\t\t\t\t\t\t\t<div class=\"elementor-button-wrapper\">\n\t\t\t\t\t<a class=\"elementor-button elementor-button-link elementor-size-sm elementor-animation-float\" href=\"https:\/\/www.green.film\/es\/download\/\">\n\t\t\t\t\t\t<span class=\"elementor-button-content-wrapper\">\n\t\t\t\t\t\t\t\t\t<span class=\"elementor-button-text\">Download page<\/span>\n\t\t\t\t\t<\/span>\n\t\t\t\t\t<\/a>\n\t\t\t\t<\/div>\n\t\t\t\t\t\t\t\t<\/div>\n\t\t\t\t<\/div>\n\t\t\t\t\t<\/div>\n\t\t<\/div>\n\t\t\t\t\t<\/div>\n\t\t<\/section>\n\t\t\t\t<\/div>\n\t\t\t\t<\/div>\n\t\t\t\t\t\t<\/div>\n\t\t\t\t<\/div>\n\t\t\t\t\t<\/div>\n\t\t<\/div>\n\t\t\t\t\t<\/div>\n\t\t<\/section>\n\t\t\t\t<\/div>\n\t\t","protected":false},"excerpt":{"rendered":"<p>Criterios de evaluaci\u00f3n MANDATORY PREREQUISITESPlanning sustainability Plan beforehand in order to reduce environmental impact to a minimum and to optimise transportation and therefore reduce its environmental and economic impact. Prerequisites details CRITERION AEnergy saving Ensure an efficient reduction of environmental impact, limiting as much as possible polluting emissions and wastage of energy resources, rationalise use [&hellip;]<\/p>\n","protected":false},"author":2,"featured_media":3252,"parent":0,"menu_order":0,"comment_status":"closed","ping_status":"closed","template":"","meta":{"footnotes":""},"class_list":["post-2213","page","type-page","status-publish","has-post-thumbnail","hentry"],"yoast_head":"<!-- This site is optimized with the Yoast SEO plugin v27.3 - https:\/\/yoast.com\/product\/yoast-seo-wordpress\/ -->\n<title>Criterios - GREEN FILM<\/title>\n<meta name=\"robots\" content=\"index, follow, max-snippet:-1, max-image-preview:large, max-video-preview:-1\" \/>\n<link rel=\"canonical\" href=\"https:\/\/www.green.film\/es\/criterios\/\" \/>\n<meta property=\"og:locale\" content=\"es_ES\" \/>\n<meta property=\"og:type\" content=\"article\" \/>\n<meta property=\"og:title\" content=\"Criterios - GREEN FILM\" \/>\n<meta property=\"og:description\" content=\"Criterios de evaluaci\u00f3n MANDATORY PREREQUISITESPlanning sustainability Plan beforehand in order to reduce environmental impact to a minimum and to optimise transportation and therefore reduce its environmental and economic impact. Prerequisites details CRITERION AEnergy saving Ensure an efficient reduction of environmental impact, limiting as much as possible polluting emissions and wastage of energy resources, rationalise use [&hellip;]\" \/>\n<meta property=\"og:url\" content=\"https:\/\/www.green.film\/es\/criterios\/\" \/>\n<meta property=\"og:site_name\" content=\"GREEN FILM\" \/>\n<meta property=\"article:modified_time\" content=\"2022-10-12T14:29:43+00:00\" \/>\n<meta property=\"og:image\" content=\"https:\/\/www.green.film\/wp-content\/uploads\/2022\/10\/header-criteri-2.jpg\" \/>\n\t<meta property=\"og:image:width\" content=\"400\" \/>\n\t<meta property=\"og:image:height\" content=\"400\" \/>\n\t<meta property=\"og:image:type\" content=\"image\/jpeg\" \/>\n<meta name=\"twitter:card\" content=\"summary_large_image\" \/>\n<meta name=\"twitter:label1\" content=\"Tiempo de lectura\" \/>\n\t<meta name=\"twitter:data1\" content=\"1 minute\" \/>\n<script type=\"application\/ld+json\" class=\"yoast-schema-graph\">{\"@context\":\"https:\\\/\\\/schema.org\",\"@graph\":[{\"@type\":\"WebPage\",\"@id\":\"https:\\\/\\\/www.green.film\\\/es\\\/criterios\\\/\",\"url\":\"https:\\\/\\\/www.green.film\\\/es\\\/criterios\\\/\",\"name\":\"Criterios - GREEN FILM\",\"isPartOf\":{\"@id\":\"https:\\\/\\\/www.green.film\\\/#website\"},\"primaryImageOfPage\":{\"@id\":\"https:\\\/\\\/www.green.film\\\/es\\\/criterios\\\/#primaryimage\"},\"image\":{\"@id\":\"https:\\\/\\\/www.green.film\\\/es\\\/criterios\\\/#primaryimage\"},\"thumbnailUrl\":\"https:\\\/\\\/www.green.film\\\/wp-content\\\/uploads\\\/2022\\\/10\\\/header-criteri-2.jpg\",\"datePublished\":\"2022-07-27T13:32:43+00:00\",\"dateModified\":\"2022-10-12T14:29:43+00:00\",\"breadcrumb\":{\"@id\":\"https:\\\/\\\/www.green.film\\\/es\\\/criterios\\\/#breadcrumb\"},\"inLanguage\":\"es-ES\",\"potentialAction\":[{\"@type\":\"ReadAction\",\"target\":[\"https:\\\/\\\/www.green.film\\\/es\\\/criterios\\\/\"]}]},{\"@type\":\"ImageObject\",\"inLanguage\":\"es-ES\",\"@id\":\"https:\\\/\\\/www.green.film\\\/es\\\/criterios\\\/#primaryimage\",\"url\":\"https:\\\/\\\/www.green.film\\\/wp-content\\\/uploads\\\/2022\\\/10\\\/header-criteri-2.jpg\",\"contentUrl\":\"https:\\\/\\\/www.green.film\\\/wp-content\\\/uploads\\\/2022\\\/10\\\/header-criteri-2.jpg\",\"width\":400,\"height\":400},{\"@type\":\"BreadcrumbList\",\"@id\":\"https:\\\/\\\/www.green.film\\\/es\\\/criterios\\\/#breadcrumb\",\"itemListElement\":[{\"@type\":\"ListItem\",\"position\":1,\"name\":\"Home\",\"item\":\"https:\\\/\\\/www.green.film\\\/es\\\/\"},{\"@type\":\"ListItem\",\"position\":2,\"name\":\"Criterios\"}]},{\"@type\":\"WebSite\",\"@id\":\"https:\\\/\\\/www.green.film\\\/#website\",\"url\":\"https:\\\/\\\/www.green.film\\\/\",\"name\":\"GREEN FILM\",\"description\":\"Rating system for sustainable film production\",\"publisher\":{\"@id\":\"https:\\\/\\\/www.green.film\\\/#organization\"},\"potentialAction\":[{\"@type\":\"SearchAction\",\"target\":{\"@type\":\"EntryPoint\",\"urlTemplate\":\"https:\\\/\\\/www.green.film\\\/?s={search_term_string}\"},\"query-input\":{\"@type\":\"PropertyValueSpecification\",\"valueRequired\":true,\"valueName\":\"search_term_string\"}}],\"inLanguage\":\"es-ES\"},{\"@type\":\"Organization\",\"@id\":\"https:\\\/\\\/www.green.film\\\/#organization\",\"name\":\"Green Film\",\"url\":\"https:\\\/\\\/www.green.film\\\/\",\"logo\":{\"@type\":\"ImageObject\",\"inLanguage\":\"es-ES\",\"@id\":\"https:\\\/\\\/www.green.film\\\/#\\\/schema\\\/logo\\\/image\\\/\",\"url\":\"https:\\\/\\\/www.green.film\\\/wp-content\\\/uploads\\\/2025\\\/12\\\/slider-logo-green.png\",\"contentUrl\":\"https:\\\/\\\/www.green.film\\\/wp-content\\\/uploads\\\/2025\\\/12\\\/slider-logo-green.png\",\"width\":400,\"height\":129,\"caption\":\"Green Film\"},\"image\":{\"@id\":\"https:\\\/\\\/www.green.film\\\/#\\\/schema\\\/logo\\\/image\\\/\"}}]}<\/script>\n<!-- \/ Yoast SEO plugin. -->","yoast_head_json":{"title":"Criterios - GREEN FILM","robots":{"index":"index","follow":"follow","max-snippet":"max-snippet:-1","max-image-preview":"max-image-preview:large","max-video-preview":"max-video-preview:-1"},"canonical":"https:\/\/www.green.film\/es\/criterios\/","og_locale":"es_ES","og_type":"article","og_title":"Criterios - GREEN FILM","og_description":"Criterios de evaluaci\u00f3n MANDATORY PREREQUISITESPlanning sustainability Plan beforehand in order to reduce environmental impact to a minimum and to optimise transportation and therefore reduce its environmental and economic impact. Prerequisites details CRITERION AEnergy saving Ensure an efficient reduction of environmental impact, limiting as much as possible polluting emissions and wastage of energy resources, rationalise use [&hellip;]","og_url":"https:\/\/www.green.film\/es\/criterios\/","og_site_name":"GREEN FILM","article_modified_time":"2022-10-12T14:29:43+00:00","og_image":[{"width":400,"height":400,"url":"https:\/\/www.green.film\/wp-content\/uploads\/2022\/10\/header-criteri-2.jpg","type":"image\/jpeg"}],"twitter_card":"summary_large_image","twitter_misc":{"Tiempo de lectura":"1 minute"},"schema":{"@context":"https:\/\/schema.org","@graph":[{"@type":"WebPage","@id":"https:\/\/www.green.film\/es\/criterios\/","url":"https:\/\/www.green.film\/es\/criterios\/","name":"Criterios - GREEN FILM","isPartOf":{"@id":"https:\/\/www.green.film\/#website"},"primaryImageOfPage":{"@id":"https:\/\/www.green.film\/es\/criterios\/#primaryimage"},"image":{"@id":"https:\/\/www.green.film\/es\/criterios\/#primaryimage"},"thumbnailUrl":"https:\/\/www.green.film\/wp-content\/uploads\/2022\/10\/header-criteri-2.jpg","datePublished":"2022-07-27T13:32:43+00:00","dateModified":"2022-10-12T14:29:43+00:00","breadcrumb":{"@id":"https:\/\/www.green.film\/es\/criterios\/#breadcrumb"},"inLanguage":"es-ES","potentialAction":[{"@type":"ReadAction","target":["https:\/\/www.green.film\/es\/criterios\/"]}]},{"@type":"ImageObject","inLanguage":"es-ES","@id":"https:\/\/www.green.film\/es\/criterios\/#primaryimage","url":"https:\/\/www.green.film\/wp-content\/uploads\/2022\/10\/header-criteri-2.jpg","contentUrl":"https:\/\/www.green.film\/wp-content\/uploads\/2022\/10\/header-criteri-2.jpg","width":400,"height":400},{"@type":"BreadcrumbList","@id":"https:\/\/www.green.film\/es\/criterios\/#breadcrumb","itemListElement":[{"@type":"ListItem","position":1,"name":"Home","item":"https:\/\/www.green.film\/es\/"},{"@type":"ListItem","position":2,"name":"Criterios"}]},{"@type":"WebSite","@id":"https:\/\/www.green.film\/#website","url":"https:\/\/www.green.film\/","name":"GREEN FILM","description":"Rating system for sustainable film production","publisher":{"@id":"https:\/\/www.green.film\/#organization"},"potentialAction":[{"@type":"SearchAction","target":{"@type":"EntryPoint","urlTemplate":"https:\/\/www.green.film\/?s={search_term_string}"},"query-input":{"@type":"PropertyValueSpecification","valueRequired":true,"valueName":"search_term_string"}}],"inLanguage":"es-ES"},{"@type":"Organization","@id":"https:\/\/www.green.film\/#organization","name":"Green Film","url":"https:\/\/www.green.film\/","logo":{"@type":"ImageObject","inLanguage":"es-ES","@id":"https:\/\/www.green.film\/#\/schema\/logo\/image\/","url":"https:\/\/www.green.film\/wp-content\/uploads\/2025\/12\/slider-logo-green.png","contentUrl":"https:\/\/www.green.film\/wp-content\/uploads\/2025\/12\/slider-logo-green.png","width":400,"height":129,"caption":"Green Film"},"image":{"@id":"https:\/\/www.green.film\/#\/schema\/logo\/image\/"}}]}},"meta_box":{"_films_items":[],"_homepage_featured":[]},"_links":{"self":[{"href":"https:\/\/www.green.film\/es\/wp-json\/wp\/v2\/pages\/2213","targetHints":{"allow":["GET"]}}],"collection":[{"href":"https:\/\/www.green.film\/es\/wp-json\/wp\/v2\/pages"}],"about":[{"href":"https:\/\/www.green.film\/es\/wp-json\/wp\/v2\/types\/page"}],"author":[{"embeddable":true,"href":"https:\/\/www.green.film\/es\/wp-json\/wp\/v2\/users\/2"}],"replies":[{"embeddable":true,"href":"https:\/\/www.green.film\/es\/wp-json\/wp\/v2\/comments?post=2213"}],"version-history":[{"count":17,"href":"https:\/\/www.green.film\/es\/wp-json\/wp\/v2\/pages\/2213\/revisions"}],"predecessor-version":[{"id":11513,"href":"https:\/\/www.green.film\/es\/wp-json\/wp\/v2\/pages\/2213\/revisions\/11513"}],"wp:featuredmedia":[{"embeddable":true,"href":"https:\/\/www.green.film\/es\/wp-json\/wp\/v2\/media\/3252"}],"wp:attachment":[{"href":"https:\/\/www.green.film\/es\/wp-json\/wp\/v2\/media?parent=2213"}],"curies":[{"name":"wp","href":"https:\/\/api.w.org\/{rel}","templated":true}]}}