{"id":2219,"date":"2022-07-27T13:54:45","date_gmt":"2022-07-27T13:54:45","guid":{"rendered":"https:\/\/www.green.film\/?page_id=2219"},"modified":"2022-10-10T21:27:09","modified_gmt":"2022-10-10T21:27:09","slug":"por-que-adoptarlo","status":"publish","type":"page","link":"https:\/\/www.green.film\/es\/por-que-adoptarlo\/","title":{"rendered":"Por qu\u00e9 adoptarlo"},"content":{"rendered":"\t\t<div data-elementor-type=\"wp-page\" data-elementor-id=\"2219\" class=\"elementor elementor-2219 elementor-1417\" data-elementor-post-type=\"page\">\n\t\t\t\t\t\t<section class=\"elementor-section elementor-top-section elementor-element elementor-element-1c45963d elementor-section-full_width elementor-section-height-min-height elementor-section-height-default elementor-section-items-middle\" data-id=\"1c45963d\" data-element_type=\"section\" data-e-type=\"section\" data-settings=\"{&quot;background_background&quot;:&quot;classic&quot;}\">\n\t\t\t\t\t\t<div class=\"elementor-container elementor-column-gap-default\">\n\t\t\t\t\t<div class=\"elementor-column elementor-col-100 elementor-top-column elementor-element elementor-element-4d97a478\" data-id=\"4d97a478\" data-element_type=\"column\" data-e-type=\"column\">\n\t\t\t<div class=\"elementor-widget-wrap elementor-element-populated\">\n\t\t\t\t\t\t<div class=\"elementor-element elementor-element-54e45111 elementor-widget elementor-widget-heading\" data-id=\"54e45111\" data-element_type=\"widget\" data-e-type=\"widget\" data-widget_type=\"heading.default\">\n\t\t\t\t<div class=\"elementor-widget-container\">\n\t\t\t\t\t<h1 class=\"elementor-heading-title elementor-size-default\">Por qu\u00e9 adoptarlo<\/h1>\t\t\t\t<\/div>\n\t\t\t\t<\/div>\n\t\t\t\t\t<\/div>\n\t\t<\/div>\n\t\t\t\t\t<\/div>\n\t\t<\/section>\n\t\t\t\t<section class=\"elementor-section elementor-top-section elementor-element elementor-element-4b8f474c elementor-section-boxed elementor-section-height-default elementor-section-height-default\" data-id=\"4b8f474c\" data-element_type=\"section\" data-e-type=\"section\" data-settings=\"{&quot;background_background&quot;:&quot;classic&quot;}\">\n\t\t\t\t\t\t<div class=\"elementor-container elementor-column-gap-default\">\n\t\t\t\t\t<div class=\"elementor-column elementor-col-100 elementor-top-column elementor-element elementor-element-44952a9d\" data-id=\"44952a9d\" data-element_type=\"column\" data-e-type=\"column\" data-settings=\"{&quot;background_background&quot;:&quot;classic&quot;}\">\n\t\t\t<div class=\"elementor-widget-wrap elementor-element-populated\">\n\t\t\t\t\t\t<div class=\"elementor-element elementor-element-2cd4e925 elementor-widget elementor-widget-heading\" data-id=\"2cd4e925\" data-element_type=\"widget\" data-e-type=\"widget\" data-widget_type=\"heading.default\">\n\t\t\t\t<div class=\"elementor-widget-container\">\n\t\t\t\t\t<h2 class=\"elementor-heading-title elementor-size-default\">\u00a1Hay al menos cinco buenas razones!<\/h2>\t\t\t\t<\/div>\n\t\t\t\t<\/div>\n\t\t\t\t<div class=\"elementor-element elementor-element-d6bc4b7 elementor-position-block-start e-transform elementor-view-default elementor-mobile-position-block-start elementor-widget elementor-widget-icon-box\" data-id=\"d6bc4b7\" data-element_type=\"widget\" data-e-type=\"widget\" data-settings=\"{&quot;_animation&quot;:&quot;none&quot;,&quot;_transform_scale_effect_hover&quot;:{&quot;unit&quot;:&quot;px&quot;,&quot;size&quot;:1.05,&quot;sizes&quot;:[]},&quot;_transform_scale_effect_hover_laptop&quot;:{&quot;unit&quot;:&quot;px&quot;,&quot;size&quot;:&quot;&quot;,&quot;sizes&quot;:[]},&quot;_transform_scale_effect_hover_tablet&quot;:{&quot;unit&quot;:&quot;px&quot;,&quot;size&quot;:&quot;&quot;,&quot;sizes&quot;:[]},&quot;_transform_scale_effect_hover_mobile&quot;:{&quot;unit&quot;:&quot;px&quot;,&quot;size&quot;:&quot;&quot;,&quot;sizes&quot;:[]}}\" data-widget_type=\"icon-box.default\">\n\t\t\t\t<div class=\"elementor-widget-container\">\n\t\t\t\t\t\t\t<div class=\"elementor-icon-box-wrapper\">\n\n\t\t\t\t\t\t<div class=\"elementor-icon-box-icon\">\n\t\t\t\t<span  class=\"elementor-icon\">\n\t\t\t\t<i aria-hidden=\"true\" class=\"fas fa-leaf\"><\/i>\t\t\t\t<\/span>\n\t\t\t<\/div>\n\t\t\t\n\t\t\t\t\t\t<div class=\"elementor-icon-box-content\">\n\n\t\t\t\t\t\t\t\t\t<h3 class=\"elementor-icon-box-title\">\n\t\t\t\t\t\t<span  >\n\t\t\t\t\t\t\tFomenta un enfoque ecol\u00f3gico\t\t\t\t\t\t<\/span>\n\t\t\t\t\t<\/h3>\n\t\t\t\t\n\t\t\t\t\t\t\t\t\t<p class=\"elementor-icon-box-description\">\n\t\t\t\t\t\tEl sector audiovisual tiene un gran poder comunicativo y debe estar a la vanguardia en la promoci\u00f3n del respeto por el medioambiente. La forma m\u00e1s eficaz es ofrecer a los productores audiovisuales una herramienta clara y definida para mejorar la sostenibilidad de su trabajo. Y una certificaci\u00f3n que lo premie.\t\t\t\t\t<\/p>\n\t\t\t\t\n\t\t\t<\/div>\n\t\t\t\n\t\t<\/div>\n\t\t\t\t\t\t<\/div>\n\t\t\t\t<\/div>\n\t\t\t\t<div class=\"elementor-element elementor-element-98b9b1b elementor-position-block-start e-transform elementor-view-default elementor-mobile-position-block-start elementor-widget elementor-widget-icon-box\" data-id=\"98b9b1b\" data-element_type=\"widget\" data-e-type=\"widget\" data-settings=\"{&quot;_animation&quot;:&quot;none&quot;,&quot;_transform_scale_effect_hover&quot;:{&quot;unit&quot;:&quot;px&quot;,&quot;size&quot;:1.05,&quot;sizes&quot;:[]},&quot;_transform_scale_effect_hover_laptop&quot;:{&quot;unit&quot;:&quot;px&quot;,&quot;size&quot;:&quot;&quot;,&quot;sizes&quot;:[]},&quot;_transform_scale_effect_hover_tablet&quot;:{&quot;unit&quot;:&quot;px&quot;,&quot;size&quot;:&quot;&quot;,&quot;sizes&quot;:[]},&quot;_transform_scale_effect_hover_mobile&quot;:{&quot;unit&quot;:&quot;px&quot;,&quot;size&quot;:&quot;&quot;,&quot;sizes&quot;:[]}}\" data-widget_type=\"icon-box.default\">\n\t\t\t\t<div class=\"elementor-widget-container\">\n\t\t\t\t\t\t\t<div class=\"elementor-icon-box-wrapper\">\n\n\t\t\t\t\t\t<div class=\"elementor-icon-box-icon\">\n\t\t\t\t<span  class=\"elementor-icon\">\n\t\t\t\t<i aria-hidden=\"true\" class=\"fas fa-smile-beam\"><\/i>\t\t\t\t<\/span>\n\t\t\t<\/div>\n\t\t\t\n\t\t\t\t\t\t<div class=\"elementor-icon-box-content\">\n\n\t\t\t\t\t\t\t\t\t<h3 class=\"elementor-icon-box-title\">\n\t\t\t\t\t\t<span  >\n\t\t\t\t\t\t\tEs una herramienta sencilla de utilizar\t\t\t\t\t\t<\/span>\n\t\t\t\t\t<\/h3>\n\t\t\t\t\n\t\t\t\t\t\t\t\t\t<p class=\"elementor-icon-box-description\">\n\t\t\t\t\t\tEl Sistema de Calificaci\u00f3n de GREEN FILM se basa en criterios de sostenibilidad ambiental universalmente reconocidos y en acciones concretas f\u00e1ciles de aplicar y verificar.\t\t\t\t\t<\/p>\n\t\t\t\t\n\t\t\t<\/div>\n\t\t\t\n\t\t<\/div>\n\t\t\t\t\t\t<\/div>\n\t\t\t\t<\/div>\n\t\t\t\t<div class=\"elementor-element elementor-element-aa6af31 elementor-position-block-start e-transform elementor-view-default elementor-mobile-position-block-start elementor-widget elementor-widget-icon-box\" data-id=\"aa6af31\" data-element_type=\"widget\" data-e-type=\"widget\" data-settings=\"{&quot;_animation&quot;:&quot;none&quot;,&quot;_transform_scale_effect_hover&quot;:{&quot;unit&quot;:&quot;px&quot;,&quot;size&quot;:1.05,&quot;sizes&quot;:[]},&quot;_transform_scale_effect_hover_laptop&quot;:{&quot;unit&quot;:&quot;px&quot;,&quot;size&quot;:&quot;&quot;,&quot;sizes&quot;:[]},&quot;_transform_scale_effect_hover_tablet&quot;:{&quot;unit&quot;:&quot;px&quot;,&quot;size&quot;:&quot;&quot;,&quot;sizes&quot;:[]},&quot;_transform_scale_effect_hover_mobile&quot;:{&quot;unit&quot;:&quot;px&quot;,&quot;size&quot;:&quot;&quot;,&quot;sizes&quot;:[]}}\" data-widget_type=\"icon-box.default\">\n\t\t\t\t<div class=\"elementor-widget-container\">\n\t\t\t\t\t\t\t<div class=\"elementor-icon-box-wrapper\">\n\n\t\t\t\t\t\t<div class=\"elementor-icon-box-icon\">\n\t\t\t\t<span  class=\"elementor-icon\">\n\t\t\t\t<i aria-hidden=\"true\" class=\"fas fa-check-square\"><\/i>\t\t\t\t<\/span>\n\t\t\t<\/div>\n\t\t\t\n\t\t\t\t\t\t<div class=\"elementor-icon-box-content\">\n\n\t\t\t\t\t\t\t\t\t<h3 class=\"elementor-icon-box-title\">\n\t\t\t\t\t\t<span  >\n\t\t\t\t\t\t\tUna herramienta de probada eficacia\t\t\t\t\t\t<\/span>\n\t\t\t\t\t<\/h3>\n\t\t\t\t\n\t\t\t\t\t\t\t\t\t<p class=\"elementor-icon-box-description\">\n\t\t\t\t\t\tGREEN FILM es una herramienta que ya ha sido probada con varias producciones de cine y televisi\u00f3n, incluyendo series de televisi\u00f3n y coproducciones internacionales, que han trabajado de forma sostenible y han recibido la certificaci\u00f3n de sostenibilidad ambiental.\t\t\t\t\t<\/p>\n\t\t\t\t\n\t\t\t<\/div>\n\t\t\t\n\t\t<\/div>\n\t\t\t\t\t\t<\/div>\n\t\t\t\t<\/div>\n\t\t\t\t<div class=\"elementor-element elementor-element-fa60b3a elementor-position-block-start e-transform elementor-view-default elementor-mobile-position-block-start elementor-widget elementor-widget-icon-box\" data-id=\"fa60b3a\" data-element_type=\"widget\" data-e-type=\"widget\" data-settings=\"{&quot;_animation&quot;:&quot;none&quot;,&quot;_transform_scale_effect_hover&quot;:{&quot;unit&quot;:&quot;px&quot;,&quot;size&quot;:1.05,&quot;sizes&quot;:[]},&quot;_transform_scale_effect_hover_laptop&quot;:{&quot;unit&quot;:&quot;px&quot;,&quot;size&quot;:&quot;&quot;,&quot;sizes&quot;:[]},&quot;_transform_scale_effect_hover_tablet&quot;:{&quot;unit&quot;:&quot;px&quot;,&quot;size&quot;:&quot;&quot;,&quot;sizes&quot;:[]},&quot;_transform_scale_effect_hover_mobile&quot;:{&quot;unit&quot;:&quot;px&quot;,&quot;size&quot;:&quot;&quot;,&quot;sizes&quot;:[]}}\" data-widget_type=\"icon-box.default\">\n\t\t\t\t<div class=\"elementor-widget-container\">\n\t\t\t\t\t\t\t<div class=\"elementor-icon-box-wrapper\">\n\n\t\t\t\t\t\t<div class=\"elementor-icon-box-icon\">\n\t\t\t\t<span  class=\"elementor-icon\">\n\t\t\t\t<i aria-hidden=\"true\" class=\"fas fa-globe-americas\"><\/i>\t\t\t\t<\/span>\n\t\t\t<\/div>\n\t\t\t\n\t\t\t\t\t\t<div class=\"elementor-icon-box-content\">\n\n\t\t\t\t\t\t\t\t\t<h3 class=\"elementor-icon-box-title\">\n\t\t\t\t\t\t<span  >\n\t\t\t\t\t\t\tUna sola herramienta para muchos territorios\t\t\t\t\t\t<\/span>\n\t\t\t\t\t<\/h3>\n\t\t\t\t\n\t\t\t\t\t\t\t\t\t<p class=\"elementor-icon-box-description\">\n\t\t\t\t\t\tGREEN FILM permite certificar el compromiso con la sostenibilidad ambiental incluso cuando se trabaja en diferentes territorios, como en el caso de las coproducciones internacionales.\t\t\t\t\t<\/p>\n\t\t\t\t\n\t\t\t<\/div>\n\t\t\t\n\t\t<\/div>\n\t\t\t\t\t\t<\/div>\n\t\t\t\t<\/div>\n\t\t\t\t<div class=\"elementor-element elementor-element-b8a0da1 elementor-position-block-start e-transform elementor-view-default elementor-mobile-position-block-start elementor-widget elementor-widget-icon-box\" data-id=\"b8a0da1\" data-element_type=\"widget\" data-e-type=\"widget\" data-settings=\"{&quot;_animation&quot;:&quot;none&quot;,&quot;_transform_scale_effect_hover&quot;:{&quot;unit&quot;:&quot;px&quot;,&quot;size&quot;:1.05,&quot;sizes&quot;:[]},&quot;_transform_scale_effect_hover_laptop&quot;:{&quot;unit&quot;:&quot;px&quot;,&quot;size&quot;:&quot;&quot;,&quot;sizes&quot;:[]},&quot;_transform_scale_effect_hover_tablet&quot;:{&quot;unit&quot;:&quot;px&quot;,&quot;size&quot;:&quot;&quot;,&quot;sizes&quot;:[]},&quot;_transform_scale_effect_hover_mobile&quot;:{&quot;unit&quot;:&quot;px&quot;,&quot;size&quot;:&quot;&quot;,&quot;sizes&quot;:[]}}\" data-widget_type=\"icon-box.default\">\n\t\t\t\t<div class=\"elementor-widget-container\">\n\t\t\t\t\t\t\t<div class=\"elementor-icon-box-wrapper\">\n\n\t\t\t\t\t\t<div class=\"elementor-icon-box-icon\">\n\t\t\t\t<span  class=\"elementor-icon\">\n\t\t\t\t<i aria-hidden=\"true\" class=\"fas fa-cloud\"><\/i>\t\t\t\t<\/span>\n\t\t\t<\/div>\n\t\t\t\n\t\t\t\t\t\t<div class=\"elementor-icon-box-content\">\n\n\t\t\t\t\t\t\t\t\t<h3 class=\"elementor-icon-box-title\">\n\t\t\t\t\t\t<span  >\n\t\t\t\t\t\t\tEntrar a formar parte de una red\t\t\t\t\t\t<\/span>\n\t\t\t\t\t<\/h3>\n\t\t\t\t\n\t\t\t\t\t\t\t\t\t<p class=\"elementor-icon-box-description\">\n\t\t\t\t\t\tPara las comisiones cinematogr\u00e1ficas y los fondos audiovisuales, adoptar GREEN FILM significa recibir apoyo para empezar a aplicar el Sistema de Calificaci\u00f3n en el propio territorio y poder utilizar la versi\u00f3n local de la etiqueta, que les permite mantener una identidad visual reconocible. Tambi\u00e9n significa participar activamente en el crecimiento del sistema y en la organizaci\u00f3n de actividades de formaci\u00f3n para productores y green managers.\t\t\t\t\t<\/p>\n\t\t\t\t\n\t\t\t<\/div>\n\t\t\t\n\t\t<\/div>\n\t\t\t\t\t\t<\/div>\n\t\t\t\t<\/div>\n\t\t\t\t\t<\/div>\n\t\t<\/div>\n\t\t\t\t\t<\/div>\n\t\t<\/section>\n\t\t\t\t<section class=\"elementor-section elementor-top-section elementor-element elementor-element-5e77566f elementor-section-full_width elementor-section-height-default elementor-section-height-default\" data-id=\"5e77566f\" data-element_type=\"section\" data-e-type=\"section\">\n\t\t\t\t\t\t<div class=\"elementor-container elementor-column-gap-no\">\n\t\t\t\t\t<div class=\"elementor-column elementor-col-100 elementor-top-column elementor-element elementor-element-32e67910\" data-id=\"32e67910\" data-element_type=\"column\" data-e-type=\"column\">\n\t\t\t<div class=\"elementor-widget-wrap elementor-element-populated\">\n\t\t\t\t\t\t<div class=\"elementor-element elementor-element-174b0aa3 elementor-widget elementor-widget-template\" data-id=\"174b0aa3\" data-element_type=\"widget\" data-e-type=\"widget\" data-widget_type=\"template.default\">\n\t\t\t\t<div class=\"elementor-widget-container\">\n\t\t\t\t\t\t\t<div class=\"elementor-template\">\n\t\t\t\t\t<div data-elementor-type=\"section\" data-elementor-id=\"2180\" class=\"elementor elementor-2180 elementor-1157\" data-elementor-post-type=\"elementor_library\">\n\t\t\t\t\t<section class=\"elementor-section elementor-top-section elementor-element elementor-element-1c7d330 elementor-section-boxed elementor-section-height-default elementor-section-height-default\" data-id=\"1c7d330\" data-element_type=\"section\" data-e-type=\"section\" data-settings=\"{&quot;background_background&quot;:&quot;classic&quot;}\">\n\t\t\t\t\t\t<div class=\"elementor-container elementor-column-gap-default\">\n\t\t\t\t\t<div class=\"elementor-column elementor-col-50 elementor-top-column elementor-element elementor-element-5667fdb\" data-id=\"5667fdb\" data-element_type=\"column\" data-e-type=\"column\">\n\t\t\t<div class=\"elementor-widget-wrap elementor-element-populated\">\n\t\t\t\t\t\t<div class=\"elementor-element elementor-element-132515c elementor-widget elementor-widget-heading\" data-id=\"132515c\" data-element_type=\"widget\" data-e-type=\"widget\" data-widget_type=\"heading.default\">\n\t\t\t\t<div class=\"elementor-widget-container\">\n\t\t\t\t\t<h2 class=\"elementor-heading-title elementor-size-xl\">Descargue ahora el Sistema de Certificaci\u00f3n<\/h2>\t\t\t\t<\/div>\n\t\t\t\t<\/div>\n\t\t\t\t\t<\/div>\n\t\t<\/div>\n\t\t\t\t<div class=\"elementor-column elementor-col-50 elementor-top-column elementor-element elementor-element-0869448\" data-id=\"0869448\" data-element_type=\"column\" data-e-type=\"column\">\n\t\t\t<div class=\"elementor-widget-wrap elementor-element-populated\">\n\t\t\t\t\t\t<div class=\"elementor-element elementor-element-bfdb394 elementor-align-right elementor-mobile-align-center elementor-widget elementor-widget-button\" data-id=\"bfdb394\" data-element_type=\"widget\" data-e-type=\"widget\" data-widget_type=\"button.default\">\n\t\t\t\t<div class=\"elementor-widget-container\">\n\t\t\t\t\t\t\t\t\t<div class=\"elementor-button-wrapper\">\n\t\t\t\t\t<a class=\"elementor-button elementor-button-link elementor-size-sm elementor-animation-float\" href=\"https:\/\/www.green.film\/es\/download\/\">\n\t\t\t\t\t\t<span class=\"elementor-button-content-wrapper\">\n\t\t\t\t\t\t\t\t\t<span class=\"elementor-button-text\">Download page<\/span>\n\t\t\t\t\t<\/span>\n\t\t\t\t\t<\/a>\n\t\t\t\t<\/div>\n\t\t\t\t\t\t\t\t<\/div>\n\t\t\t\t<\/div>\n\t\t\t\t\t<\/div>\n\t\t<\/div>\n\t\t\t\t\t<\/div>\n\t\t<\/section>\n\t\t\t\t<\/div>\n\t\t\t\t<\/div>\n\t\t\t\t\t\t<\/div>\n\t\t\t\t<\/div>\n\t\t\t\t\t<\/div>\n\t\t<\/div>\n\t\t\t\t\t<\/div>\n\t\t<\/section>\n\t\t\t\t<\/div>\n\t\t","protected":false},"excerpt":{"rendered":"<p>\u00a1Hay al menos cinco buenas razones! Fomenta un enfoque ecol\u00f3gico El sector audiovisual tiene un gran poder comunicativo y debe estar a la vanguardia en la promoci\u00f3n del respeto por el medioambiente. La forma m\u00e1s eficaz es ofrecer a los productores audiovisuales una herramienta clara y definida para mejorar la sostenibilidad de su trabajo. Y [&hellip;]<\/p>\n","protected":false},"author":2,"featured_media":3029,"parent":0,"menu_order":0,"comment_status":"closed","ping_status":"closed","template":"","meta":{"footnotes":""},"class_list":["post-2219","page","type-page","status-publish","has-post-thumbnail","hentry"],"yoast_head":"<!-- This site is optimized with the Yoast SEO plugin v27.3 - https:\/\/yoast.com\/product\/yoast-seo-wordpress\/ -->\n<title>Por qu\u00e9 adoptarlo - GREEN FILM<\/title>\n<meta name=\"robots\" content=\"index, follow, max-snippet:-1, max-image-preview:large, max-video-preview:-1\" \/>\n<link rel=\"canonical\" href=\"https:\/\/www.green.film\/es\/por-que-adoptarlo\/\" \/>\n<meta property=\"og:locale\" content=\"es_ES\" \/>\n<meta property=\"og:type\" content=\"article\" \/>\n<meta property=\"og:title\" content=\"Por qu\u00e9 adoptarlo - GREEN FILM\" \/>\n<meta property=\"og:description\" content=\"\u00a1Hay al menos cinco buenas razones! Fomenta un enfoque ecol\u00f3gico El sector audiovisual tiene un gran poder comunicativo y debe estar a la vanguardia en la promoci\u00f3n del respeto por el medioambiente. La forma m\u00e1s eficaz es ofrecer a los productores audiovisuales una herramienta clara y definida para mejorar la sostenibilidad de su trabajo. Y [&hellip;]\" \/>\n<meta property=\"og:url\" content=\"https:\/\/www.green.film\/es\/por-que-adoptarlo\/\" \/>\n<meta property=\"og:site_name\" content=\"GREEN FILM\" \/>\n<meta property=\"article:modified_time\" content=\"2022-10-10T21:27:09+00:00\" \/>\n<meta property=\"og:image\" content=\"https:\/\/www.green.film\/wp-content\/uploads\/2022\/10\/GREEN-FILM-COVER.jpg\" \/>\n\t<meta property=\"og:image:width\" content=\"1920\" \/>\n\t<meta property=\"og:image:height\" content=\"1333\" \/>\n\t<meta property=\"og:image:type\" content=\"image\/jpeg\" \/>\n<meta name=\"twitter:card\" content=\"summary_large_image\" \/>\n<meta name=\"twitter:label1\" content=\"Tiempo de lectura\" \/>\n\t<meta name=\"twitter:data1\" content=\"1 minute\" \/>\n<script type=\"application\/ld+json\" class=\"yoast-schema-graph\">{\"@context\":\"https:\\\/\\\/schema.org\",\"@graph\":[{\"@type\":\"WebPage\",\"@id\":\"https:\\\/\\\/www.green.film\\\/es\\\/por-que-adoptarlo\\\/\",\"url\":\"https:\\\/\\\/www.green.film\\\/es\\\/por-que-adoptarlo\\\/\",\"name\":\"Por qu\u00e9 adoptarlo - GREEN FILM\",\"isPartOf\":{\"@id\":\"https:\\\/\\\/www.green.film\\\/#website\"},\"primaryImageOfPage\":{\"@id\":\"https:\\\/\\\/www.green.film\\\/es\\\/por-que-adoptarlo\\\/#primaryimage\"},\"image\":{\"@id\":\"https:\\\/\\\/www.green.film\\\/es\\\/por-que-adoptarlo\\\/#primaryimage\"},\"thumbnailUrl\":\"https:\\\/\\\/www.green.film\\\/wp-content\\\/uploads\\\/2022\\\/10\\\/GREEN-FILM-COVER.jpg\",\"datePublished\":\"2022-07-27T13:54:45+00:00\",\"dateModified\":\"2022-10-10T21:27:09+00:00\",\"breadcrumb\":{\"@id\":\"https:\\\/\\\/www.green.film\\\/es\\\/por-que-adoptarlo\\\/#breadcrumb\"},\"inLanguage\":\"es-ES\",\"potentialAction\":[{\"@type\":\"ReadAction\",\"target\":[\"https:\\\/\\\/www.green.film\\\/es\\\/por-que-adoptarlo\\\/\"]}]},{\"@type\":\"ImageObject\",\"inLanguage\":\"es-ES\",\"@id\":\"https:\\\/\\\/www.green.film\\\/es\\\/por-que-adoptarlo\\\/#primaryimage\",\"url\":\"https:\\\/\\\/www.green.film\\\/wp-content\\\/uploads\\\/2022\\\/10\\\/GREEN-FILM-COVER.jpg\",\"contentUrl\":\"https:\\\/\\\/www.green.film\\\/wp-content\\\/uploads\\\/2022\\\/10\\\/GREEN-FILM-COVER.jpg\",\"width\":1920,\"height\":1333},{\"@type\":\"BreadcrumbList\",\"@id\":\"https:\\\/\\\/www.green.film\\\/es\\\/por-que-adoptarlo\\\/#breadcrumb\",\"itemListElement\":[{\"@type\":\"ListItem\",\"position\":1,\"name\":\"Home\",\"item\":\"https:\\\/\\\/www.green.film\\\/es\\\/\"},{\"@type\":\"ListItem\",\"position\":2,\"name\":\"Por qu\u00e9 adoptarlo\"}]},{\"@type\":\"WebSite\",\"@id\":\"https:\\\/\\\/www.green.film\\\/#website\",\"url\":\"https:\\\/\\\/www.green.film\\\/\",\"name\":\"GREEN FILM\",\"description\":\"Rating system for sustainable film production\",\"publisher\":{\"@id\":\"https:\\\/\\\/www.green.film\\\/#organization\"},\"potentialAction\":[{\"@type\":\"SearchAction\",\"target\":{\"@type\":\"EntryPoint\",\"urlTemplate\":\"https:\\\/\\\/www.green.film\\\/?s={search_term_string}\"},\"query-input\":{\"@type\":\"PropertyValueSpecification\",\"valueRequired\":true,\"valueName\":\"search_term_string\"}}],\"inLanguage\":\"es-ES\"},{\"@type\":\"Organization\",\"@id\":\"https:\\\/\\\/www.green.film\\\/#organization\",\"name\":\"Green Film\",\"url\":\"https:\\\/\\\/www.green.film\\\/\",\"logo\":{\"@type\":\"ImageObject\",\"inLanguage\":\"es-ES\",\"@id\":\"https:\\\/\\\/www.green.film\\\/#\\\/schema\\\/logo\\\/image\\\/\",\"url\":\"https:\\\/\\\/www.green.film\\\/wp-content\\\/uploads\\\/2025\\\/12\\\/slider-logo-green.png\",\"contentUrl\":\"https:\\\/\\\/www.green.film\\\/wp-content\\\/uploads\\\/2025\\\/12\\\/slider-logo-green.png\",\"width\":400,\"height\":129,\"caption\":\"Green Film\"},\"image\":{\"@id\":\"https:\\\/\\\/www.green.film\\\/#\\\/schema\\\/logo\\\/image\\\/\"}}]}<\/script>\n<!-- \/ Yoast SEO plugin. -->","yoast_head_json":{"title":"Por qu\u00e9 adoptarlo - GREEN FILM","robots":{"index":"index","follow":"follow","max-snippet":"max-snippet:-1","max-image-preview":"max-image-preview:large","max-video-preview":"max-video-preview:-1"},"canonical":"https:\/\/www.green.film\/es\/por-que-adoptarlo\/","og_locale":"es_ES","og_type":"article","og_title":"Por qu\u00e9 adoptarlo - GREEN FILM","og_description":"\u00a1Hay al menos cinco buenas razones! Fomenta un enfoque ecol\u00f3gico El sector audiovisual tiene un gran poder comunicativo y debe estar a la vanguardia en la promoci\u00f3n del respeto por el medioambiente. La forma m\u00e1s eficaz es ofrecer a los productores audiovisuales una herramienta clara y definida para mejorar la sostenibilidad de su trabajo. Y [&hellip;]","og_url":"https:\/\/www.green.film\/es\/por-que-adoptarlo\/","og_site_name":"GREEN FILM","article_modified_time":"2022-10-10T21:27:09+00:00","og_image":[{"width":1920,"height":1333,"url":"https:\/\/www.green.film\/wp-content\/uploads\/2022\/10\/GREEN-FILM-COVER.jpg","type":"image\/jpeg"}],"twitter_card":"summary_large_image","twitter_misc":{"Tiempo de lectura":"1 minute"},"schema":{"@context":"https:\/\/schema.org","@graph":[{"@type":"WebPage","@id":"https:\/\/www.green.film\/es\/por-que-adoptarlo\/","url":"https:\/\/www.green.film\/es\/por-que-adoptarlo\/","name":"Por qu\u00e9 adoptarlo - GREEN FILM","isPartOf":{"@id":"https:\/\/www.green.film\/#website"},"primaryImageOfPage":{"@id":"https:\/\/www.green.film\/es\/por-que-adoptarlo\/#primaryimage"},"image":{"@id":"https:\/\/www.green.film\/es\/por-que-adoptarlo\/#primaryimage"},"thumbnailUrl":"https:\/\/www.green.film\/wp-content\/uploads\/2022\/10\/GREEN-FILM-COVER.jpg","datePublished":"2022-07-27T13:54:45+00:00","dateModified":"2022-10-10T21:27:09+00:00","breadcrumb":{"@id":"https:\/\/www.green.film\/es\/por-que-adoptarlo\/#breadcrumb"},"inLanguage":"es-ES","potentialAction":[{"@type":"ReadAction","target":["https:\/\/www.green.film\/es\/por-que-adoptarlo\/"]}]},{"@type":"ImageObject","inLanguage":"es-ES","@id":"https:\/\/www.green.film\/es\/por-que-adoptarlo\/#primaryimage","url":"https:\/\/www.green.film\/wp-content\/uploads\/2022\/10\/GREEN-FILM-COVER.jpg","contentUrl":"https:\/\/www.green.film\/wp-content\/uploads\/2022\/10\/GREEN-FILM-COVER.jpg","width":1920,"height":1333},{"@type":"BreadcrumbList","@id":"https:\/\/www.green.film\/es\/por-que-adoptarlo\/#breadcrumb","itemListElement":[{"@type":"ListItem","position":1,"name":"Home","item":"https:\/\/www.green.film\/es\/"},{"@type":"ListItem","position":2,"name":"Por qu\u00e9 adoptarlo"}]},{"@type":"WebSite","@id":"https:\/\/www.green.film\/#website","url":"https:\/\/www.green.film\/","name":"GREEN FILM","description":"Rating system for sustainable film production","publisher":{"@id":"https:\/\/www.green.film\/#organization"},"potentialAction":[{"@type":"SearchAction","target":{"@type":"EntryPoint","urlTemplate":"https:\/\/www.green.film\/?s={search_term_string}"},"query-input":{"@type":"PropertyValueSpecification","valueRequired":true,"valueName":"search_term_string"}}],"inLanguage":"es-ES"},{"@type":"Organization","@id":"https:\/\/www.green.film\/#organization","name":"Green Film","url":"https:\/\/www.green.film\/","logo":{"@type":"ImageObject","inLanguage":"es-ES","@id":"https:\/\/www.green.film\/#\/schema\/logo\/image\/","url":"https:\/\/www.green.film\/wp-content\/uploads\/2025\/12\/slider-logo-green.png","contentUrl":"https:\/\/www.green.film\/wp-content\/uploads\/2025\/12\/slider-logo-green.png","width":400,"height":129,"caption":"Green Film"},"image":{"@id":"https:\/\/www.green.film\/#\/schema\/logo\/image\/"}}]}},"meta_box":{"_films_items":[],"_homepage_featured":[]},"_links":{"self":[{"href":"https:\/\/www.green.film\/es\/wp-json\/wp\/v2\/pages\/2219","targetHints":{"allow":["GET"]}}],"collection":[{"href":"https:\/\/www.green.film\/es\/wp-json\/wp\/v2\/pages"}],"about":[{"href":"https:\/\/www.green.film\/es\/wp-json\/wp\/v2\/types\/page"}],"author":[{"embeddable":true,"href":"https:\/\/www.green.film\/es\/wp-json\/wp\/v2\/users\/2"}],"replies":[{"embeddable":true,"href":"https:\/\/www.green.film\/es\/wp-json\/wp\/v2\/comments?post=2219"}],"version-history":[{"count":10,"href":"https:\/\/www.green.film\/es\/wp-json\/wp\/v2\/pages\/2219\/revisions"}],"predecessor-version":[{"id":3152,"href":"https:\/\/www.green.film\/es\/wp-json\/wp\/v2\/pages\/2219\/revisions\/3152"}],"wp:featuredmedia":[{"embeddable":true,"href":"https:\/\/www.green.film\/es\/wp-json\/wp\/v2\/media\/3029"}],"wp:attachment":[{"href":"https:\/\/www.green.film\/es\/wp-json\/wp\/v2\/media?parent=2219"}],"curies":[{"name":"wp","href":"https:\/\/api.w.org\/{rel}","templated":true}]}}