{"id":8199,"date":"2023-12-12T10:50:54","date_gmt":"2023-12-12T10:50:54","guid":{"rendered":"https:\/\/www.green.film\/cookie-policy\/"},"modified":"2024-01-15T18:14:53","modified_gmt":"2024-01-15T18:14:53","slug":"cookie-policy","status":"publish","type":"page","link":"https:\/\/www.green.film\/es\/cookie-policy\/","title":{"rendered":"Cookie policy"},"content":{"rendered":"\t\t<div data-elementor-type=\"wp-page\" data-elementor-id=\"8199\" class=\"elementor elementor-8199 elementor-8096\" data-elementor-post-type=\"page\">\n\t\t\t\t\t\t<section class=\"elementor-section elementor-top-section elementor-element elementor-element-e911570 elementor-section-full_width elementor-section-height-min-height elementor-section-height-default elementor-section-items-middle\" data-id=\"e911570\" data-element_type=\"section\" data-e-type=\"section\" data-settings=\"{&quot;background_background&quot;:&quot;classic&quot;}\">\n\t\t\t\t\t\t<div class=\"elementor-container elementor-column-gap-default\">\n\t\t\t\t\t<div class=\"elementor-column elementor-col-100 elementor-top-column elementor-element elementor-element-004bc0d\" data-id=\"004bc0d\" data-element_type=\"column\" data-e-type=\"column\">\n\t\t\t<div class=\"elementor-widget-wrap elementor-element-populated\">\n\t\t\t\t\t\t<div class=\"elementor-element elementor-element-c040405 elementor-widget elementor-widget-heading\" data-id=\"c040405\" data-element_type=\"widget\" data-e-type=\"widget\" data-widget_type=\"heading.default\">\n\t\t\t\t<div class=\"elementor-widget-container\">\n\t\t\t\t\t<h1 class=\"elementor-heading-title elementor-size-default\">Cookie policy<\/h1>\t\t\t\t<\/div>\n\t\t\t\t<\/div>\n\t\t\t\t\t<\/div>\n\t\t<\/div>\n\t\t\t\t\t<\/div>\n\t\t<\/section>\n\t\t\t\t<section class=\"elementor-section elementor-top-section elementor-element elementor-element-11f6904 elementor-section-boxed elementor-section-height-default elementor-section-height-default\" data-id=\"11f6904\" data-element_type=\"section\" data-e-type=\"section\" data-settings=\"{&quot;background_background&quot;:&quot;classic&quot;}\">\n\t\t\t\t\t\t<div class=\"elementor-container elementor-column-gap-default\">\n\t\t\t\t\t<div class=\"elementor-column elementor-col-100 elementor-top-column elementor-element elementor-element-56cd5b6\" data-id=\"56cd5b6\" data-element_type=\"column\" data-e-type=\"column\" data-settings=\"{&quot;background_background&quot;:&quot;classic&quot;}\">\n\t\t\t<div class=\"elementor-widget-wrap elementor-element-populated\">\n\t\t\t\t\t\t<div class=\"elementor-element elementor-element-e3df594 elementor-widget elementor-widget-text-editor\" data-id=\"e3df594\" data-element_type=\"widget\" data-e-type=\"widget\" data-widget_type=\"text-editor.default\">\n\t\t\t\t<div class=\"elementor-widget-container\">\n\t\t\t\t\t\t\t\t\t<p>Pol\u00edtica de privacidad \u2013 Green Film de Trentino Film Commission (Trentino Sviluppo S.p.A.)<\/p><h3>Informaci\u00f3n sobre el tratamiento de los datos personales a trav\u00e9s de las Cookies<\/h3><p><strong><br \/>\u00bfQu\u00e9 son y para qu\u00e9 sirven las cookies?<\/strong><\/p><p>Las cookies son peque\u00f1os archivos de texto que se almacenan en su ordenador cuando visita determinados sitios web. Son enviados a su dispositivo (generalmente al navegador) por los sitios que visita y luego se almacenan para ser retransmitidos a esos mismos sitios en su pr\u00f3xima visita.<br \/>Tambi\u00e9n pueden acumularse en grandes cantidades y a veces quedan almacenadas durante largos periodos de tiempo. Se utilizan para diversos fines, como la realizaci\u00f3n de autenticaciones inform\u00e1ticas, el seguimiento de sesiones, el almacenamiento de informaci\u00f3n sobre configuraciones espec\u00edficas relacionadas con sus accesos a los servidores, etc.<\/p><p><strong>C\u00f3mo utilizamos las cookies en nuestro sitio web<\/strong><\/p><p>En nuestro sitio y sus subdominios utilizamos cookies, solicitando su consentimiento cuando la ley o los reglamentos aplicables lo requieran, para facilitar la navegaci\u00f3n y personalizar la informaci\u00f3n dirigida al usuario. Tambi\u00e9n utilizamos sistemas similares para recopilar informaci\u00f3n sobre su navegaci\u00f3n, como la direcci\u00f3n IP, el tipo de navegador y sistema operativo utilizado y\/o las p\u00e1ginas web visitadas, con fines estad\u00edsticos y de seguridad.<br \/>Le informamos que, si decide desactivar o rechazar las cookies, algunas partes del sitio web y sus subdominios podr\u00edan volverse inaccesibles o no funcionar correctamente.<br \/>Las cookies no son perjudiciales para su ordenador, tableta o smartphone.<\/p><p><strong>Para nuestro sitio web y sus subdominios utilizamos los siguientes tipos de cookies:<\/strong><\/p><ul><li><strong>Cookies t\u00e9cnicas<br \/><\/strong>Son cookies que sirven para realizar la navegaci\u00f3n o proporcionar un servicio solicitado por el usuario. No se utilizan para ning\u00fan otro fin y normalmente son instaladas directamente por el titular del sitio web.<br \/>Sin el uso de este tipo de cookies, determinadas operaciones no podr\u00edan llevarse a cabo o ser\u00edan m\u00e1s complejas y\/o menos seguras.<\/li><li><strong>Cookies anal\u00edticas<\/strong><br \/>Son cookies que sirven, entre otras cosas, para evaluar la eficacia de un servicio de la sociedad de la informaci\u00f3n proporcionado por un editor, para el dise\u00f1o de un sitio web o para contribuir a medir su &#8220;tr\u00e1fico&#8221;, es decir, el n\u00famero de visitantes, incluyendo posiblemente el desglose por zona geogr\u00e1fica, franja horaria de la conexi\u00f3n u otras caracter\u00edsticas.<\/li><li><strong>Cookies de perfil<\/strong><br \/>Son cookies que sirven para elaborar perfiles del usuario, es decir, para &#8220;observar&#8221; su comportamiento, por ejemplo, con el fin de enviar publicidad dirigida, medir la eficacia del mensaje publicitario y adoptar estrategias comerciales consecuentes.<\/li><li><strong>Cookies de primera parte y cookies de terceros<\/strong><br \/>Las cookies tambi\u00e9n pueden clasificarse en funci\u00f3n del sujeto que las instala en el dispositivo del usuario. Las cookies de primera parte son creadas y configuradas por el propietario del sitio web que el usuario est\u00e1 visitando, normalmente se trata de cookies t\u00e9cnicas \u00fatiles para el funcionamiento del sitio.<br \/>Las cookies de terceros, por otro lado, son creadas por dominios distintos al que el usuario est\u00e1 navegando y se utilizan para el seguimiento entre sitios, el retargeting, el perfil de usuarios y la coincidencia de los ID de usuarios entre diferentes plataformas.<\/li><\/ul><p><strong>Cookies utilizadas en nuestro sitio, con funci\u00f3n y tiempo de almacenamiento trentinofilmcommission.it:<\/strong><\/p>\t\t\t\t\t\t\t\t<\/div>\n\t\t\t\t<\/div>\n\t\t\t\t<div class=\"elementor-element elementor-element-59de265 elementor-widget elementor-widget-shortcode\" data-id=\"59de265\" data-element_type=\"widget\" data-e-type=\"widget\" data-widget_type=\"shortcode.default\">\n\t\t\t\t<div class=\"elementor-widget-container\">\n\t\t\t\t\t\t\t<div class=\"elementor-shortcode\"><a  href=\"#consent-change\" role=\"button\" id=\"rcb-sc-link-change\" data-success-message=\"\" class=\"rcb-sc-link rcb-sc-link-change \">Ver la lista de cookies<\/a><\/div>\n\t\t\t\t\t\t<\/div>\n\t\t\t\t<\/div>\n\t\t\t\t<div class=\"elementor-element elementor-element-669c224 elementor-widget elementor-widget-text-editor\" data-id=\"669c224\" data-element_type=\"widget\" data-e-type=\"widget\" data-widget_type=\"text-editor.default\">\n\t\t\t\t<div class=\"elementor-widget-container\">\n\t\t\t\t\t\t\t\t\t<p>Para gestionar las cookies y tecnolog\u00edas similares utilizadas y sus respectivos consentimientos, utilizamos la herramienta de consentimiento &#8216;Real Cookie Banner&#8217;. Los detalles sobre el funcionamiento de &#8220;Real Cookie Banner&#8221; est\u00e1n disponibles en\u00a0<a href=\"https:\/\/devowl.io\/rcb\/data-processing\">devowl.io\/rcb\/data-processing<\/a>.<br \/>Las bases jur\u00eddicas para el tratamiento de los datos personales en este contexto son el art. 6 (1) letra c del RGPD y el art. 6 (1) letra f del RGPD. Nuestro inter\u00e9s leg\u00edtimo es la gesti\u00f3n de cookies y tecnolog\u00edas similares utilizadas y los consentimientos relacionados. El suministro de datos personales no es obligatorio de manera contractual ni necesario para la celebraci\u00f3n de un contrato. Usted no est\u00e1 obligado a facilitar datos personales. Si no facilita datos personales, no podremos tramitar sus consentimientos.<\/p><p><strong>Este sitio le permite activar las cookies y modificar la configuraci\u00f3n elegida a trav\u00e9s de los siguientes enlaces:<\/strong><\/p>\t\t\t\t\t\t\t\t<\/div>\n\t\t\t\t<\/div>\n\t\t\t\t<section class=\"elementor-section elementor-inner-section elementor-element elementor-element-7705265 elementor-section-boxed elementor-section-height-default elementor-section-height-default\" data-id=\"7705265\" data-element_type=\"section\" data-e-type=\"section\">\n\t\t\t\t\t\t<div class=\"elementor-container elementor-column-gap-no\">\n\t\t\t\t\t<div class=\"elementor-column elementor-col-100 elementor-inner-column elementor-element elementor-element-c124513\" data-id=\"c124513\" data-element_type=\"column\" data-e-type=\"column\">\n\t\t\t<div class=\"elementor-widget-wrap elementor-element-populated\">\n\t\t\t\t\t\t<div class=\"elementor-element elementor-element-07c452d elementor-widget elementor-widget-shortcode\" data-id=\"07c452d\" data-element_type=\"widget\" data-e-type=\"widget\" data-widget_type=\"shortcode.default\">\n\t\t\t\t<div class=\"elementor-widget-container\">\n\t\t\t\t\t\t\t<div class=\"elementor-shortcode\"><a  href=\"#consent-change\" role=\"button\" id=\"rcb-sc-link-change\" data-success-message=\"\" class=\"rcb-sc-link rcb-sc-link-change \">Cambiar la configuraci\u00f3n de las cookies<\/a><\/div>\n\t\t\t\t\t\t<\/div>\n\t\t\t\t<\/div>\n\t\t\t\t<div class=\"elementor-element elementor-element-a7938b3 elementor-widget elementor-widget-shortcode\" data-id=\"a7938b3\" data-element_type=\"widget\" data-e-type=\"widget\" data-widget_type=\"shortcode.default\">\n\t\t\t\t<div class=\"elementor-widget-container\">\n\t\t\t\t\t\t\t<div class=\"elementor-shortcode\"><a  href=\"#consent-history\" role=\"button\" id=\"rcb-sc-link-history\" data-success-message=\"\" class=\"rcb-sc-link rcb-sc-link-history \">Historial de la configuraci\u00f3n de privacidad<\/a><\/div>\n\t\t\t\t\t\t<\/div>\n\t\t\t\t<\/div>\n\t\t\t\t<div class=\"elementor-element elementor-element-1bc6fe8 elementor-widget elementor-widget-shortcode\" data-id=\"1bc6fe8\" data-element_type=\"widget\" data-e-type=\"widget\" data-widget_type=\"shortcode.default\">\n\t\t\t\t<div class=\"elementor-widget-container\">\n\t\t\t\t\t\t\t<div class=\"elementor-shortcode\"><a  href=\"#consent-revoke\" role=\"button\" id=\"rcb-sc-link-revoke\" data-success-message=\"Ha revocado correctamente su consentimiento. La p\u00e1gina se recargar\u00e1 ahora.\" class=\"rcb-sc-link rcb-sc-link-revoke \">Revocaci\u00f3n del consentimiento<\/a><\/div>\n\t\t\t\t\t\t<\/div>\n\t\t\t\t<\/div>\n\t\t\t\t\t<\/div>\n\t\t<\/div>\n\t\t\t\t\t<\/div>\n\t\t<\/section>\n\t\t\t\t<div class=\"elementor-element elementor-element-65e9209 elementor-widget elementor-widget-text-editor\" data-id=\"65e9209\" data-element_type=\"widget\" data-e-type=\"widget\" data-widget_type=\"text-editor.default\">\n\t\t\t\t<div class=\"elementor-widget-container\">\n\t\t\t\t\t\t\t\t\t<p>\u00a0<\/p><p><strong>Fecha de actualizaci\u00f3n:<br \/><\/strong>Rovereto,<br \/>27 de noviembre de 2023<\/p>\t\t\t\t\t\t\t\t<\/div>\n\t\t\t\t<\/div>\n\t\t\t\t\t<\/div>\n\t\t<\/div>\n\t\t\t\t\t<\/div>\n\t\t<\/section>\n\t\t\t\t<section class=\"elementor-section elementor-top-section elementor-element elementor-element-5e8ead6 elementor-section-full_width elementor-section-height-default elementor-section-height-default\" data-id=\"5e8ead6\" data-element_type=\"section\" data-e-type=\"section\">\n\t\t\t\t\t\t<div class=\"elementor-container elementor-column-gap-no\">\n\t\t\t\t\t<div class=\"elementor-column elementor-col-100 elementor-top-column elementor-element elementor-element-ac8ba0f\" data-id=\"ac8ba0f\" data-element_type=\"column\" data-e-type=\"column\">\n\t\t\t<div class=\"elementor-widget-wrap elementor-element-populated\">\n\t\t\t\t\t\t<div class=\"elementor-element elementor-element-5789b14 elementor-widget elementor-widget-template\" data-id=\"5789b14\" data-element_type=\"widget\" data-e-type=\"widget\" data-widget_type=\"template.default\">\n\t\t\t\t<div class=\"elementor-widget-container\">\n\t\t\t\t\t\t\t<div class=\"elementor-template\">\n\t\t\t\t\t<div data-elementor-type=\"section\" data-elementor-id=\"2180\" class=\"elementor elementor-2180 elementor-1157\" data-elementor-post-type=\"elementor_library\">\n\t\t\t\t\t<section class=\"elementor-section elementor-top-section elementor-element elementor-element-1c7d330 elementor-section-boxed elementor-section-height-default elementor-section-height-default\" data-id=\"1c7d330\" data-element_type=\"section\" data-e-type=\"section\" data-settings=\"{&quot;background_background&quot;:&quot;classic&quot;}\">\n\t\t\t\t\t\t<div class=\"elementor-container elementor-column-gap-default\">\n\t\t\t\t\t<div class=\"elementor-column elementor-col-50 elementor-top-column elementor-element elementor-element-5667fdb\" data-id=\"5667fdb\" data-element_type=\"column\" data-e-type=\"column\">\n\t\t\t<div class=\"elementor-widget-wrap elementor-element-populated\">\n\t\t\t\t\t\t<div class=\"elementor-element elementor-element-132515c elementor-widget elementor-widget-heading\" data-id=\"132515c\" data-element_type=\"widget\" data-e-type=\"widget\" data-widget_type=\"heading.default\">\n\t\t\t\t<div class=\"elementor-widget-container\">\n\t\t\t\t\t<h2 class=\"elementor-heading-title elementor-size-xl\">Descargue ahora el Sistema de Certificaci\u00f3n<\/h2>\t\t\t\t<\/div>\n\t\t\t\t<\/div>\n\t\t\t\t\t<\/div>\n\t\t<\/div>\n\t\t\t\t<div class=\"elementor-column elementor-col-50 elementor-top-column elementor-element elementor-element-0869448\" data-id=\"0869448\" data-element_type=\"column\" data-e-type=\"column\">\n\t\t\t<div class=\"elementor-widget-wrap elementor-element-populated\">\n\t\t\t\t\t\t<div class=\"elementor-element elementor-element-bfdb394 elementor-align-right elementor-mobile-align-center elementor-widget elementor-widget-button\" data-id=\"bfdb394\" data-element_type=\"widget\" data-e-type=\"widget\" data-widget_type=\"button.default\">\n\t\t\t\t<div class=\"elementor-widget-container\">\n\t\t\t\t\t\t\t\t\t<div class=\"elementor-button-wrapper\">\n\t\t\t\t\t<a class=\"elementor-button elementor-button-link elementor-size-sm elementor-animation-float\" href=\"https:\/\/www.green.film\/es\/download\/\">\n\t\t\t\t\t\t<span class=\"elementor-button-content-wrapper\">\n\t\t\t\t\t\t\t\t\t<span class=\"elementor-button-text\">Download page<\/span>\n\t\t\t\t\t<\/span>\n\t\t\t\t\t<\/a>\n\t\t\t\t<\/div>\n\t\t\t\t\t\t\t\t<\/div>\n\t\t\t\t<\/div>\n\t\t\t\t\t<\/div>\n\t\t<\/div>\n\t\t\t\t\t<\/div>\n\t\t<\/section>\n\t\t\t\t<\/div>\n\t\t\t\t<\/div>\n\t\t\t\t\t\t<\/div>\n\t\t\t\t<\/div>\n\t\t\t\t\t<\/div>\n\t\t<\/div>\n\t\t\t\t\t<\/div>\n\t\t<\/section>\n\t\t\t\t<\/div>\n\t\t","protected":false},"excerpt":{"rendered":"<p>Pol\u00edtica de privacidad \u2013 Green Film de Trentino Film Commission (Trentino Sviluppo S.p.A.) Informaci\u00f3n sobre el tratamiento de los datos personales a trav\u00e9s de las Cookies \u00bfQu\u00e9 son y para qu\u00e9 sirven las cookies? Las cookies son peque\u00f1os archivos de texto que se almacenan en su ordenador cuando visita determinados sitios web. Son enviados a [&hellip;]<\/p>\n","protected":false},"author":2,"featured_media":0,"parent":0,"menu_order":0,"comment_status":"closed","ping_status":"closed","template":"","meta":{"footnotes":""},"class_list":["post-8199","page","type-page","status-publish","hentry"],"yoast_head":"<!-- This site is optimized with the Yoast SEO plugin v27.3 - https:\/\/yoast.com\/product\/yoast-seo-wordpress\/ -->\n<title>Cookie policy - GREEN FILM<\/title>\n<meta name=\"robots\" content=\"index, follow, max-snippet:-1, max-image-preview:large, max-video-preview:-1\" \/>\n<link rel=\"canonical\" href=\"https:\/\/www.green.film\/cookie-policy\/\" \/>\n<meta property=\"og:locale\" content=\"es_ES\" \/>\n<meta property=\"og:type\" content=\"article\" \/>\n<meta property=\"og:title\" content=\"Cookie policy - GREEN FILM\" \/>\n<meta property=\"og:description\" content=\"Pol\u00edtica de privacidad \u2013 Green Film de Trentino Film Commission (Trentino Sviluppo S.p.A.) Informaci\u00f3n sobre el tratamiento de los datos personales a trav\u00e9s de las Cookies \u00bfQu\u00e9 son y para qu\u00e9 sirven las cookies? Las cookies son peque\u00f1os archivos de texto que se almacenan en su ordenador cuando visita determinados sitios web. Son enviados a [&hellip;]\" \/>\n<meta property=\"og:url\" content=\"https:\/\/www.green.film\/cookie-policy\/\" \/>\n<meta property=\"og:site_name\" content=\"GREEN FILM\" \/>\n<meta property=\"article:modified_time\" content=\"2024-01-15T18:14:53+00:00\" \/>\n<meta name=\"twitter:card\" content=\"summary_large_image\" \/>\n<meta name=\"twitter:label1\" content=\"Tiempo de lectura\" \/>\n\t<meta name=\"twitter:data1\" content=\"4 minutes\" \/>\n<script type=\"application\/ld+json\" class=\"yoast-schema-graph\">{\"@context\":\"https:\\\/\\\/schema.org\",\"@graph\":[{\"@type\":\"WebPage\",\"@id\":\"https:\\\/\\\/www.green.film\\\/cookie-policy\\\/\",\"url\":\"https:\\\/\\\/www.green.film\\\/cookie-policy\\\/\",\"name\":\"Cookie policy - GREEN FILM\",\"isPartOf\":{\"@id\":\"https:\\\/\\\/www.green.film\\\/#website\"},\"datePublished\":\"2023-12-12T10:50:54+00:00\",\"dateModified\":\"2024-01-15T18:14:53+00:00\",\"breadcrumb\":{\"@id\":\"https:\\\/\\\/www.green.film\\\/cookie-policy\\\/#breadcrumb\"},\"inLanguage\":\"es-ES\",\"potentialAction\":[{\"@type\":\"ReadAction\",\"target\":[\"https:\\\/\\\/www.green.film\\\/cookie-policy\\\/\"]}]},{\"@type\":\"BreadcrumbList\",\"@id\":\"https:\\\/\\\/www.green.film\\\/cookie-policy\\\/#breadcrumb\",\"itemListElement\":[{\"@type\":\"ListItem\",\"position\":1,\"name\":\"Home\",\"item\":\"https:\\\/\\\/www.green.film\\\/es\\\/\"},{\"@type\":\"ListItem\",\"position\":2,\"name\":\"Cookie policy\"}]},{\"@type\":\"WebSite\",\"@id\":\"https:\\\/\\\/www.green.film\\\/#website\",\"url\":\"https:\\\/\\\/www.green.film\\\/\",\"name\":\"GREEN FILM\",\"description\":\"Rating system for sustainable film production\",\"publisher\":{\"@id\":\"https:\\\/\\\/www.green.film\\\/#organization\"},\"potentialAction\":[{\"@type\":\"SearchAction\",\"target\":{\"@type\":\"EntryPoint\",\"urlTemplate\":\"https:\\\/\\\/www.green.film\\\/?s={search_term_string}\"},\"query-input\":{\"@type\":\"PropertyValueSpecification\",\"valueRequired\":true,\"valueName\":\"search_term_string\"}}],\"inLanguage\":\"es-ES\"},{\"@type\":\"Organization\",\"@id\":\"https:\\\/\\\/www.green.film\\\/#organization\",\"name\":\"Green Film\",\"url\":\"https:\\\/\\\/www.green.film\\\/\",\"logo\":{\"@type\":\"ImageObject\",\"inLanguage\":\"es-ES\",\"@id\":\"https:\\\/\\\/www.green.film\\\/#\\\/schema\\\/logo\\\/image\\\/\",\"url\":\"https:\\\/\\\/www.green.film\\\/wp-content\\\/uploads\\\/2025\\\/12\\\/slider-logo-green.png\",\"contentUrl\":\"https:\\\/\\\/www.green.film\\\/wp-content\\\/uploads\\\/2025\\\/12\\\/slider-logo-green.png\",\"width\":400,\"height\":129,\"caption\":\"Green Film\"},\"image\":{\"@id\":\"https:\\\/\\\/www.green.film\\\/#\\\/schema\\\/logo\\\/image\\\/\"}}]}<\/script>\n<!-- \/ Yoast SEO plugin. -->","yoast_head_json":{"title":"Cookie policy - GREEN FILM","robots":{"index":"index","follow":"follow","max-snippet":"max-snippet:-1","max-image-preview":"max-image-preview:large","max-video-preview":"max-video-preview:-1"},"canonical":"https:\/\/www.green.film\/cookie-policy\/","og_locale":"es_ES","og_type":"article","og_title":"Cookie policy - GREEN FILM","og_description":"Pol\u00edtica de privacidad \u2013 Green Film de Trentino Film Commission (Trentino Sviluppo S.p.A.) Informaci\u00f3n sobre el tratamiento de los datos personales a trav\u00e9s de las Cookies \u00bfQu\u00e9 son y para qu\u00e9 sirven las cookies? Las cookies son peque\u00f1os archivos de texto que se almacenan en su ordenador cuando visita determinados sitios web. Son enviados a [&hellip;]","og_url":"https:\/\/www.green.film\/cookie-policy\/","og_site_name":"GREEN FILM","article_modified_time":"2024-01-15T18:14:53+00:00","twitter_card":"summary_large_image","twitter_misc":{"Tiempo de lectura":"4 minutes"},"schema":{"@context":"https:\/\/schema.org","@graph":[{"@type":"WebPage","@id":"https:\/\/www.green.film\/cookie-policy\/","url":"https:\/\/www.green.film\/cookie-policy\/","name":"Cookie policy - GREEN FILM","isPartOf":{"@id":"https:\/\/www.green.film\/#website"},"datePublished":"2023-12-12T10:50:54+00:00","dateModified":"2024-01-15T18:14:53+00:00","breadcrumb":{"@id":"https:\/\/www.green.film\/cookie-policy\/#breadcrumb"},"inLanguage":"es-ES","potentialAction":[{"@type":"ReadAction","target":["https:\/\/www.green.film\/cookie-policy\/"]}]},{"@type":"BreadcrumbList","@id":"https:\/\/www.green.film\/cookie-policy\/#breadcrumb","itemListElement":[{"@type":"ListItem","position":1,"name":"Home","item":"https:\/\/www.green.film\/es\/"},{"@type":"ListItem","position":2,"name":"Cookie policy"}]},{"@type":"WebSite","@id":"https:\/\/www.green.film\/#website","url":"https:\/\/www.green.film\/","name":"GREEN FILM","description":"Rating system for sustainable film production","publisher":{"@id":"https:\/\/www.green.film\/#organization"},"potentialAction":[{"@type":"SearchAction","target":{"@type":"EntryPoint","urlTemplate":"https:\/\/www.green.film\/?s={search_term_string}"},"query-input":{"@type":"PropertyValueSpecification","valueRequired":true,"valueName":"search_term_string"}}],"inLanguage":"es-ES"},{"@type":"Organization","@id":"https:\/\/www.green.film\/#organization","name":"Green Film","url":"https:\/\/www.green.film\/","logo":{"@type":"ImageObject","inLanguage":"es-ES","@id":"https:\/\/www.green.film\/#\/schema\/logo\/image\/","url":"https:\/\/www.green.film\/wp-content\/uploads\/2025\/12\/slider-logo-green.png","contentUrl":"https:\/\/www.green.film\/wp-content\/uploads\/2025\/12\/slider-logo-green.png","width":400,"height":129,"caption":"Green Film"},"image":{"@id":"https:\/\/www.green.film\/#\/schema\/logo\/image\/"}}]}},"meta_box":{"_films_items":[],"_homepage_featured":[]},"_links":{"self":[{"href":"https:\/\/www.green.film\/es\/wp-json\/wp\/v2\/pages\/8199","targetHints":{"allow":["GET"]}}],"collection":[{"href":"https:\/\/www.green.film\/es\/wp-json\/wp\/v2\/pages"}],"about":[{"href":"https:\/\/www.green.film\/es\/wp-json\/wp\/v2\/types\/page"}],"author":[{"embeddable":true,"href":"https:\/\/www.green.film\/es\/wp-json\/wp\/v2\/users\/2"}],"replies":[{"embeddable":true,"href":"https:\/\/www.green.film\/es\/wp-json\/wp\/v2\/comments?post=8199"}],"version-history":[{"count":49,"href":"https:\/\/www.green.film\/es\/wp-json\/wp\/v2\/pages\/8199\/revisions"}],"predecessor-version":[{"id":8733,"href":"https:\/\/www.green.film\/es\/wp-json\/wp\/v2\/pages\/8199\/revisions\/8733"}],"wp:attachment":[{"href":"https:\/\/www.green.film\/es\/wp-json\/wp\/v2\/media?parent=8199"}],"curies":[{"name":"wp","href":"https:\/\/api.w.org\/{rel}","templated":true}]}}