{"id":1708,"date":"2022-07-24T07:13:55","date_gmt":"2022-07-24T07:13:55","guid":{"rendered":"https:\/\/www.green.film\/criteria\/"},"modified":"2024-07-20T13:12:20","modified_gmt":"2024-07-20T13:12:20","slug":"criteria","status":"publish","type":"page","link":"https:\/\/www.green.film\/it\/criteria\/","title":{"rendered":"Criteri"},"content":{"rendered":"\t\t<div data-elementor-type=\"wp-page\" data-elementor-id=\"1708\" class=\"elementor elementor-1708 elementor-1408\" data-elementor-post-type=\"page\">\n\t\t\t\t\t\t<section class=\"elementor-section elementor-top-section elementor-element elementor-element-4d4cbeae elementor-section-full_width elementor-section-height-min-height elementor-section-height-default elementor-section-items-middle\" data-id=\"4d4cbeae\" data-element_type=\"section\" data-e-type=\"section\" data-settings=\"{&quot;background_background&quot;:&quot;classic&quot;}\">\n\t\t\t\t\t\t<div class=\"elementor-container elementor-column-gap-default\">\n\t\t\t\t\t<div class=\"elementor-column elementor-col-100 elementor-top-column elementor-element elementor-element-413b51fc\" data-id=\"413b51fc\" data-element_type=\"column\" data-e-type=\"column\">\n\t\t\t<div class=\"elementor-widget-wrap elementor-element-populated\">\n\t\t\t\t\t\t<div class=\"elementor-element elementor-element-1d7c0632 elementor-widget elementor-widget-heading\" data-id=\"1d7c0632\" data-element_type=\"widget\" data-e-type=\"widget\" data-widget_type=\"heading.default\">\n\t\t\t\t<div class=\"elementor-widget-container\">\n\t\t\t\t\t<h1 class=\"elementor-heading-title elementor-size-default\">Criteri<\/h1>\t\t\t\t<\/div>\n\t\t\t\t<\/div>\n\t\t\t\t\t<\/div>\n\t\t<\/div>\n\t\t\t\t\t<\/div>\n\t\t<\/section>\n\t\t\t\t<section class=\"elementor-section elementor-top-section elementor-element elementor-element-4b037417 elementor-section-boxed elementor-section-height-default elementor-section-height-default\" data-id=\"4b037417\" data-element_type=\"section\" data-e-type=\"section\" data-settings=\"{&quot;background_background&quot;:&quot;classic&quot;}\">\n\t\t\t\t\t\t<div class=\"elementor-container elementor-column-gap-default\">\n\t\t\t\t\t<div class=\"elementor-column elementor-col-100 elementor-top-column elementor-element elementor-element-6ffe0fdf\" data-id=\"6ffe0fdf\" data-element_type=\"column\" data-e-type=\"column\" data-settings=\"{&quot;background_background&quot;:&quot;classic&quot;}\">\n\t\t\t<div class=\"elementor-widget-wrap elementor-element-populated\">\n\t\t\t\t\t\t<div class=\"elementor-element elementor-element-6b90330 elementor-widget elementor-widget-heading\" data-id=\"6b90330\" data-element_type=\"widget\" data-e-type=\"widget\" data-widget_type=\"heading.default\">\n\t\t\t\t<div class=\"elementor-widget-container\">\n\t\t\t\t\t<h2 class=\"elementor-heading-title elementor-size-default\">Criteri di valutazione<\/h2>\t\t\t\t<\/div>\n\t\t\t\t<\/div>\n\t\t\t\t<div class=\"elementor-element elementor-element-234300e elementor-widget elementor-widget-greenfilm_criteria_overview\" data-id=\"234300e\" data-element_type=\"widget\" data-e-type=\"widget\" data-widget_type=\"greenfilm_criteria_overview.default\">\n\t\t\t\t<div class=\"elementor-widget-container\">\n\t\t\t\t\t\n<div class=\"criteria-overview-widget\">\n            <div class=\"prerequisites\">\n                            <div class=\"criterion\">\n    <i class=\"icon-md-clipboard\" style=\"color: #6fb11e\"><\/i>\n\n    <div class=\"criterion-details\">\n                    <h3>REQUISITO OBBLIGATORIO<br \/>Pianificare la sostenibilit\u00e0<\/h3>\n        \n        <div class=\"abstract\">\n            Pianificare l\u2019applicazione dei criteri di sostenibilita\u0300 al fine di ridurre al minimo l\u2019impatto ambientale e ottimizzare i trasporti e conseguentemente ridurre l\u2019impatto ambientale ed economico.        <\/div>\n        <a href=\"https:\/\/www.green.film\/it\/criteria\/detail\/11065\/planning-sustainability\">Dettagli prerequisito<\/a>\n    <\/div>\n<\/div>                    <\/div>\n    \n            <div class=\"criterias\">\n                            <div class=\"criterion\">\n    <i class=\"icon-et-lightbulb\" style=\"color: #9cc7bd\"><\/i>\n\n    <div class=\"criterion-details\">\n                    <h3>SECTION A<br \/>Risparmio energetico<\/h3>\n        \n        <div class=\"abstract\">\n            Assicurare una riduzione efficace dell\u2019impatto ambientale, limitando il pi\u00f9 possibile le emissioni inquinanti e lo spreco di risorse energetiche.        <\/div>\n        <a href=\"https:\/\/www.green.film\/it\/criteria\/detail\/11073\/risparmio-energetico\">Dettagli Sezione<\/a>\n    <\/div>\n<\/div>                            <div class=\"criterion\">\n    <i class=\"icon-md-car\" style=\"color: #fabea9\"><\/i>\n\n    <div class=\"criterion-details\">\n                    <h3>SECTION B<br \/>Trasporti e alloggi<\/h3>\n        \n        <div class=\"abstract\">\n            Ridurre le emissioni inquinanti e i costi di consumo del carburante derivanti da mezzi di trasporto motorizzati attraverso un\u2019organizzazione razionale degli spostamenti.        <\/div>\n        <a href=\"https:\/\/www.green.film\/it\/criteria\/detail\/11081\/trasporti-e-alloggi\">Dettagli Sezione<\/a>\n    <\/div>\n<\/div>                            <div class=\"criterion\">\n    <i class=\"icon-md-restaurant\" style=\"color: #5aa88b\"><\/i>\n\n    <div class=\"criterion-details\">\n                    <h3>SEZIONE C<br \/>Ristorazione<\/h3>\n        \n        <div class=\"abstract\">\n            Garantire un\u2019alimentazione salubre e di qualita\u0300 nel rispetto dell\u2019ambiente, riducendo il piu\u0300 possibile la produzione di rifiuti e CO2 derivante dal catering.        <\/div>\n        <a href=\"https:\/\/www.green.film\/it\/criteria\/detail\/11091\/ristorazione\">Dettagli Sezione<\/a>\n    <\/div>\n<\/div>                            <div class=\"criterion\">\n    <i class=\"icon-basic_target\" style=\"color: #54baac\"><\/i>\n\n    <div class=\"criterion-details\">\n                    <h3>SEZIONE D<br \/>Scelta dei materiali<\/h3>\n        \n        <div class=\"abstract\">\n            Utilizzo di materiali rispettosi dell\u2019ambiente e riutilizzo efficiente di materiali per ridurne lo spreco.        <\/div>\n        <a href=\"https:\/\/www.green.film\/it\/criteria\/detail\/11100\/scelta-dei-materiali\">Dettagli Sezione<\/a>\n    <\/div>\n<\/div>                            <div class=\"criterion\">\n    <i class=\"icon-ion-logo-buffer\" style=\"color: #2b8569\"><\/i>\n\n    <div class=\"criterion-details\">\n                    <h3>SEZIONE E<br \/>Azioni supplementari<\/h3>\n        \n        <div class=\"abstract\">\n            Il criterio raccoglie altre iniziative non rientranti nei criteri precedentemente elencati, finalizzate a ridurre l\u2019impatto ambientale o a valorizzare le buone pratiche adottate dalla produzione.        <\/div>\n        <a href=\"https:\/\/www.green.film\/it\/criteria\/detail\/11116\/azioni-supplementari\">Dettagli Sezione<\/a>\n    <\/div>\n<\/div>                            <div class=\"criterion\">\n    <i class=\"icon-ion-ios-happy\" style=\"color: #bb5463\"><\/i>\n\n    <div class=\"criterion-details\">\n                    <h3>SEZIONE F<br \/>Sostenibilit\u00e0 sociale<\/h3>\n        \n        <div class=\"abstract\">\n            Questo criterio si pone come finalit\u00e0 quella di incoraggiare i produttori ad adottare pratiche lavorative mirate a migliorare la sostenibilit\u00e0 della produzione da un punto di vista sociale.        <\/div>\n        <a href=\"https:\/\/www.green.film\/it\/criteria\/detail\/11023\/sostenibilita-sociale\">Dettagli Sezione<\/a>\n    <\/div>\n<\/div>                            <div class=\"criterion\">\n    <i class=\"icon-basic_keyboard\" style=\"color: #e7adb9\"><\/i>\n\n    <div class=\"criterion-details\">\n                    <h3>SEZIONE G<br \/>Comunicazione<\/h3>\n        \n        <div class=\"abstract\">\n            Promozione di buone pratiche legate alla sostenibilit\u00e0, accrescere sensibilit\u00e0 del pubblico nei confronti della sostenibilit\u00e0 ambientale.        <\/div>\n        <a href=\"https:\/\/www.green.film\/it\/criteria\/detail\/11125\/comunicazione\">Dettagli Sezione<\/a>\n    <\/div>\n<\/div>                    <\/div>\n    <\/div>\t\t\t\t<\/div>\n\t\t\t\t<\/div>\n\t\t\t\t\t<\/div>\n\t\t<\/div>\n\t\t\t\t\t<\/div>\n\t\t<\/section>\n\t\t\t\t<section class=\"elementor-section elementor-top-section elementor-element elementor-element-3869b850 elementor-section-full_width elementor-section-height-default elementor-section-height-default\" data-id=\"3869b850\" data-element_type=\"section\" data-e-type=\"section\">\n\t\t\t\t\t\t<div class=\"elementor-container elementor-column-gap-no\">\n\t\t\t\t\t<div class=\"elementor-column elementor-col-100 elementor-top-column elementor-element elementor-element-78aeb673\" data-id=\"78aeb673\" data-element_type=\"column\" data-e-type=\"column\">\n\t\t\t<div class=\"elementor-widget-wrap elementor-element-populated\">\n\t\t\t\t\t\t<div class=\"elementor-element elementor-element-5381b3ba elementor-widget elementor-widget-template\" data-id=\"5381b3ba\" data-element_type=\"widget\" data-e-type=\"widget\" data-widget_type=\"template.default\">\n\t\t\t\t<div class=\"elementor-widget-container\">\n\t\t\t\t\t\t\t<div class=\"elementor-template\">\n\t\t\t\t\t<div data-elementor-type=\"section\" data-elementor-id=\"1646\" class=\"elementor elementor-1646 elementor-1157\" data-elementor-post-type=\"elementor_library\">\n\t\t\t\t\t<section class=\"elementor-section elementor-top-section elementor-element elementor-element-59b6650e elementor-section-boxed elementor-section-height-default elementor-section-height-default\" data-id=\"59b6650e\" data-element_type=\"section\" data-e-type=\"section\" id=\"download\" data-settings=\"{&quot;background_background&quot;:&quot;classic&quot;}\">\n\t\t\t\t\t\t<div class=\"elementor-container elementor-column-gap-default\">\n\t\t\t\t\t<div class=\"elementor-column elementor-col-50 elementor-top-column elementor-element elementor-element-492bbb5d\" data-id=\"492bbb5d\" data-element_type=\"column\" data-e-type=\"column\">\n\t\t\t<div class=\"elementor-widget-wrap elementor-element-populated\">\n\t\t\t\t\t\t<div class=\"elementor-element elementor-element-6930a988 elementor-widget elementor-widget-heading\" data-id=\"6930a988\" data-element_type=\"widget\" data-e-type=\"widget\" data-widget_type=\"heading.default\">\n\t\t\t\t<div class=\"elementor-widget-container\">\n\t\t\t\t\t<h2 class=\"elementor-heading-title elementor-size-xl\">Scarica ora il disciplinare<\/h2>\t\t\t\t<\/div>\n\t\t\t\t<\/div>\n\t\t\t\t\t<\/div>\n\t\t<\/div>\n\t\t\t\t<div class=\"elementor-column elementor-col-50 elementor-top-column elementor-element elementor-element-5de22df\" data-id=\"5de22df\" data-element_type=\"column\" data-e-type=\"column\">\n\t\t\t<div class=\"elementor-widget-wrap elementor-element-populated\">\n\t\t\t\t\t\t<div class=\"elementor-element elementor-element-86d0461 elementor-align-right elementor-mobile-align-center elementor-widget elementor-widget-button\" data-id=\"86d0461\" data-element_type=\"widget\" data-e-type=\"widget\" data-widget_type=\"button.default\">\n\t\t\t\t<div class=\"elementor-widget-container\">\n\t\t\t\t\t\t\t\t\t<div class=\"elementor-button-wrapper\">\n\t\t\t\t\t<a class=\"elementor-button elementor-button-link elementor-size-sm elementor-animation-float\" href=\"http:\/\/www.green.film\/it\/download\/\">\n\t\t\t\t\t\t<span class=\"elementor-button-content-wrapper\">\n\t\t\t\t\t\t\t\t\t<span class=\"elementor-button-text\">Pagina Download<\/span>\n\t\t\t\t\t<\/span>\n\t\t\t\t\t<\/a>\n\t\t\t\t<\/div>\n\t\t\t\t\t\t\t\t<\/div>\n\t\t\t\t<\/div>\n\t\t\t\t\t<\/div>\n\t\t<\/div>\n\t\t\t\t\t<\/div>\n\t\t<\/section>\n\t\t\t\t<\/div>\n\t\t\t\t<\/div>\n\t\t\t\t\t\t<\/div>\n\t\t\t\t<\/div>\n\t\t\t\t\t<\/div>\n\t\t<\/div>\n\t\t\t\t\t<\/div>\n\t\t<\/section>\n\t\t\t\t<\/div>\n\t\t","protected":false},"excerpt":{"rendered":"<p>Criteri di valutazione MANDATORY PREREQUISITESPlanning sustainability Plan beforehand in order to reduce environmental impact to a minimum and to optimise transportation and therefore reduce its environmental and economic impact. Dettagli prerequisiti CRITERION AEnergy saving Ensure an efficient reduction of environmental impact, limiting as much as possible polluting emissions and wastage of energy resources, rationalise use [&hellip;]<\/p>\n","protected":false},"author":1,"featured_media":3252,"parent":0,"menu_order":0,"comment_status":"closed","ping_status":"closed","template":"elementor_header_footer","meta":{"footnotes":""},"class_list":["post-1708","page","type-page","status-publish","has-post-thumbnail","hentry"],"yoast_head":"<!-- This site is optimized with the Yoast SEO plugin v27.3 - https:\/\/yoast.com\/product\/yoast-seo-wordpress\/ -->\n<title>Criteri - GREEN FILM<\/title>\n<meta name=\"robots\" content=\"index, follow, max-snippet:-1, max-image-preview:large, max-video-preview:-1\" \/>\n<link rel=\"canonical\" href=\"https:\/\/www.green.film\/criteria\/\" \/>\n<meta property=\"og:locale\" content=\"it_IT\" \/>\n<meta property=\"og:type\" content=\"article\" \/>\n<meta property=\"og:title\" content=\"Criteri - GREEN FILM\" \/>\n<meta property=\"og:description\" content=\"Criteri di valutazione MANDATORY PREREQUISITESPlanning sustainability Plan beforehand in order to reduce environmental impact to a minimum and to optimise transportation and therefore reduce its environmental and economic impact. Dettagli prerequisiti CRITERION AEnergy saving Ensure an efficient reduction of environmental impact, limiting as much as possible polluting emissions and wastage of energy resources, rationalise use [&hellip;]\" \/>\n<meta property=\"og:url\" content=\"https:\/\/www.green.film\/criteria\/\" \/>\n<meta property=\"og:site_name\" content=\"GREEN FILM\" \/>\n<meta property=\"article:modified_time\" content=\"2024-07-20T13:12:20+00:00\" \/>\n<meta property=\"og:image\" content=\"https:\/\/www.green.film\/wp-content\/uploads\/2022\/10\/header-criteri-2.jpg\" \/>\n\t<meta property=\"og:image:width\" content=\"400\" \/>\n\t<meta property=\"og:image:height\" content=\"400\" \/>\n\t<meta property=\"og:image:type\" content=\"image\/jpeg\" \/>\n<meta name=\"twitter:card\" content=\"summary_large_image\" \/>\n<meta name=\"twitter:label1\" content=\"Tempo di lettura stimato\" \/>\n\t<meta name=\"twitter:data1\" content=\"1 minuto\" \/>\n<script type=\"application\/ld+json\" class=\"yoast-schema-graph\">{\"@context\":\"https:\\\/\\\/schema.org\",\"@graph\":[{\"@type\":\"WebPage\",\"@id\":\"https:\\\/\\\/www.green.film\\\/criteria\\\/\",\"url\":\"https:\\\/\\\/www.green.film\\\/criteria\\\/\",\"name\":\"Criteri - GREEN FILM\",\"isPartOf\":{\"@id\":\"https:\\\/\\\/www.green.film\\\/#website\"},\"primaryImageOfPage\":{\"@id\":\"https:\\\/\\\/www.green.film\\\/criteria\\\/#primaryimage\"},\"image\":{\"@id\":\"https:\\\/\\\/www.green.film\\\/criteria\\\/#primaryimage\"},\"thumbnailUrl\":\"https:\\\/\\\/www.green.film\\\/wp-content\\\/uploads\\\/2022\\\/10\\\/header-criteri-2.jpg\",\"datePublished\":\"2022-07-24T07:13:55+00:00\",\"dateModified\":\"2024-07-20T13:12:20+00:00\",\"breadcrumb\":{\"@id\":\"https:\\\/\\\/www.green.film\\\/criteria\\\/#breadcrumb\"},\"inLanguage\":\"it-IT\",\"potentialAction\":[{\"@type\":\"ReadAction\",\"target\":[\"https:\\\/\\\/www.green.film\\\/criteria\\\/\"]}]},{\"@type\":\"ImageObject\",\"inLanguage\":\"it-IT\",\"@id\":\"https:\\\/\\\/www.green.film\\\/criteria\\\/#primaryimage\",\"url\":\"https:\\\/\\\/www.green.film\\\/wp-content\\\/uploads\\\/2022\\\/10\\\/header-criteri-2.jpg\",\"contentUrl\":\"https:\\\/\\\/www.green.film\\\/wp-content\\\/uploads\\\/2022\\\/10\\\/header-criteri-2.jpg\",\"width\":400,\"height\":400},{\"@type\":\"BreadcrumbList\",\"@id\":\"https:\\\/\\\/www.green.film\\\/criteria\\\/#breadcrumb\",\"itemListElement\":[{\"@type\":\"ListItem\",\"position\":1,\"name\":\"Home\",\"item\":\"https:\\\/\\\/www.green.film\\\/es\\\/\"},{\"@type\":\"ListItem\",\"position\":2,\"name\":\"Criteri\"}]},{\"@type\":\"WebSite\",\"@id\":\"https:\\\/\\\/www.green.film\\\/#website\",\"url\":\"https:\\\/\\\/www.green.film\\\/\",\"name\":\"GREEN FILM\",\"description\":\"Rating system for sustainable film production\",\"publisher\":{\"@id\":\"https:\\\/\\\/www.green.film\\\/#organization\"},\"potentialAction\":[{\"@type\":\"SearchAction\",\"target\":{\"@type\":\"EntryPoint\",\"urlTemplate\":\"https:\\\/\\\/www.green.film\\\/?s={search_term_string}\"},\"query-input\":{\"@type\":\"PropertyValueSpecification\",\"valueRequired\":true,\"valueName\":\"search_term_string\"}}],\"inLanguage\":\"it-IT\"},{\"@type\":\"Organization\",\"@id\":\"https:\\\/\\\/www.green.film\\\/#organization\",\"name\":\"Green Film\",\"url\":\"https:\\\/\\\/www.green.film\\\/\",\"logo\":{\"@type\":\"ImageObject\",\"inLanguage\":\"it-IT\",\"@id\":\"https:\\\/\\\/www.green.film\\\/#\\\/schema\\\/logo\\\/image\\\/\",\"url\":\"https:\\\/\\\/www.green.film\\\/wp-content\\\/uploads\\\/2025\\\/12\\\/slider-logo-green.png\",\"contentUrl\":\"https:\\\/\\\/www.green.film\\\/wp-content\\\/uploads\\\/2025\\\/12\\\/slider-logo-green.png\",\"width\":400,\"height\":129,\"caption\":\"Green Film\"},\"image\":{\"@id\":\"https:\\\/\\\/www.green.film\\\/#\\\/schema\\\/logo\\\/image\\\/\"}}]}<\/script>\n<!-- \/ Yoast SEO plugin. -->","yoast_head_json":{"title":"Criteri - GREEN FILM","robots":{"index":"index","follow":"follow","max-snippet":"max-snippet:-1","max-image-preview":"max-image-preview:large","max-video-preview":"max-video-preview:-1"},"canonical":"https:\/\/www.green.film\/criteria\/","og_locale":"it_IT","og_type":"article","og_title":"Criteri - GREEN FILM","og_description":"Criteri di valutazione MANDATORY PREREQUISITESPlanning sustainability Plan beforehand in order to reduce environmental impact to a minimum and to optimise transportation and therefore reduce its environmental and economic impact. Dettagli prerequisiti CRITERION AEnergy saving Ensure an efficient reduction of environmental impact, limiting as much as possible polluting emissions and wastage of energy resources, rationalise use [&hellip;]","og_url":"https:\/\/www.green.film\/criteria\/","og_site_name":"GREEN FILM","article_modified_time":"2024-07-20T13:12:20+00:00","og_image":[{"width":400,"height":400,"url":"https:\/\/www.green.film\/wp-content\/uploads\/2022\/10\/header-criteri-2.jpg","type":"image\/jpeg"}],"twitter_card":"summary_large_image","twitter_misc":{"Tempo di lettura stimato":"1 minuto"},"schema":{"@context":"https:\/\/schema.org","@graph":[{"@type":"WebPage","@id":"https:\/\/www.green.film\/criteria\/","url":"https:\/\/www.green.film\/criteria\/","name":"Criteri - GREEN FILM","isPartOf":{"@id":"https:\/\/www.green.film\/#website"},"primaryImageOfPage":{"@id":"https:\/\/www.green.film\/criteria\/#primaryimage"},"image":{"@id":"https:\/\/www.green.film\/criteria\/#primaryimage"},"thumbnailUrl":"https:\/\/www.green.film\/wp-content\/uploads\/2022\/10\/header-criteri-2.jpg","datePublished":"2022-07-24T07:13:55+00:00","dateModified":"2024-07-20T13:12:20+00:00","breadcrumb":{"@id":"https:\/\/www.green.film\/criteria\/#breadcrumb"},"inLanguage":"it-IT","potentialAction":[{"@type":"ReadAction","target":["https:\/\/www.green.film\/criteria\/"]}]},{"@type":"ImageObject","inLanguage":"it-IT","@id":"https:\/\/www.green.film\/criteria\/#primaryimage","url":"https:\/\/www.green.film\/wp-content\/uploads\/2022\/10\/header-criteri-2.jpg","contentUrl":"https:\/\/www.green.film\/wp-content\/uploads\/2022\/10\/header-criteri-2.jpg","width":400,"height":400},{"@type":"BreadcrumbList","@id":"https:\/\/www.green.film\/criteria\/#breadcrumb","itemListElement":[{"@type":"ListItem","position":1,"name":"Home","item":"https:\/\/www.green.film\/es\/"},{"@type":"ListItem","position":2,"name":"Criteri"}]},{"@type":"WebSite","@id":"https:\/\/www.green.film\/#website","url":"https:\/\/www.green.film\/","name":"GREEN FILM","description":"Rating system for sustainable film production","publisher":{"@id":"https:\/\/www.green.film\/#organization"},"potentialAction":[{"@type":"SearchAction","target":{"@type":"EntryPoint","urlTemplate":"https:\/\/www.green.film\/?s={search_term_string}"},"query-input":{"@type":"PropertyValueSpecification","valueRequired":true,"valueName":"search_term_string"}}],"inLanguage":"it-IT"},{"@type":"Organization","@id":"https:\/\/www.green.film\/#organization","name":"Green Film","url":"https:\/\/www.green.film\/","logo":{"@type":"ImageObject","inLanguage":"it-IT","@id":"https:\/\/www.green.film\/#\/schema\/logo\/image\/","url":"https:\/\/www.green.film\/wp-content\/uploads\/2025\/12\/slider-logo-green.png","contentUrl":"https:\/\/www.green.film\/wp-content\/uploads\/2025\/12\/slider-logo-green.png","width":400,"height":129,"caption":"Green Film"},"image":{"@id":"https:\/\/www.green.film\/#\/schema\/logo\/image\/"}}]}},"meta_box":{"_films_items":[],"_homepage_featured":[]},"_links":{"self":[{"href":"https:\/\/www.green.film\/it\/wp-json\/wp\/v2\/pages\/1708","targetHints":{"allow":["GET"]}}],"collection":[{"href":"https:\/\/www.green.film\/it\/wp-json\/wp\/v2\/pages"}],"about":[{"href":"https:\/\/www.green.film\/it\/wp-json\/wp\/v2\/types\/page"}],"author":[{"embeddable":true,"href":"https:\/\/www.green.film\/it\/wp-json\/wp\/v2\/users\/1"}],"replies":[{"embeddable":true,"href":"https:\/\/www.green.film\/it\/wp-json\/wp\/v2\/comments?post=1708"}],"version-history":[{"count":25,"href":"https:\/\/www.green.film\/it\/wp-json\/wp\/v2\/pages\/1708\/revisions"}],"predecessor-version":[{"id":10593,"href":"https:\/\/www.green.film\/it\/wp-json\/wp\/v2\/pages\/1708\/revisions\/10593"}],"wp:featuredmedia":[{"embeddable":true,"href":"https:\/\/www.green.film\/it\/wp-json\/wp\/v2\/media\/3252"}],"wp:attachment":[{"href":"https:\/\/www.green.film\/it\/wp-json\/wp\/v2\/media?parent=1708"}],"curies":[{"name":"wp","href":"https:\/\/api.w.org\/{rel}","templated":true}]}}